{"id":4636,"date":"2024-01-11T10:56:08","date_gmt":"2024-01-11T07:56:08","guid":{"rendered":"https:\/\/offshorewind.lt\/?page_id=4636"},"modified":"2024-12-09T18:27:34","modified_gmt":"2024-12-09T15:27:34","slug":"es-parama","status":"publish","type":"page","link":"https:\/\/offshorewind.lt\/lt\/es-parama\/","title":{"rendered":"ES parama"},"content":{"rendered":"\t\t<div data-elementor-type=\"wp-page\" data-elementor-id=\"4636\" class=\"elementor elementor-4636\" data-elementor-post-type=\"page\">\n\t\t\t\t\t\t<section data-particle_enable=\"false\" data-particle-mobile-disabled=\"false\" class=\"elementor-section elementor-top-section elementor-element elementor-element-57c73e5 elementor-section-height-min-height elementor-section-items-stretch elementor-section-boxed elementor-section-height-default\" data-id=\"57c73e5\" data-element_type=\"section\" data-settings=\"{&quot;background_background&quot;:&quot;classic&quot;}\">\n\t\t\t\t\t\t<div class=\"elementor-container elementor-column-gap-default\">\n\t\t\t\t\t<div class=\"elementor-column elementor-col-100 elementor-top-column elementor-element elementor-element-366e1fe8\" data-id=\"366e1fe8\" data-element_type=\"column\">\n\t\t\t<div class=\"elementor-widget-wrap elementor-element-populated\">\n\t\t\t\t\t\t<div class=\"elementor-element elementor-element-79c2605a elementor-widget elementor-widget-heading\" data-id=\"79c2605a\" data-element_type=\"widget\" data-widget_type=\"heading.default\">\n\t\t\t\t<div class=\"elementor-widget-container\">\n\t\t\t\t\t<h2 class=\"elementor-heading-title elementor-size-default\">ES parama<\/h2>\t\t\t\t<\/div>\n\t\t\t\t<\/div>\n\t\t\t\t\t<\/div>\n\t\t<\/div>\n\t\t\t\t\t<\/div>\n\t\t<\/section>\n\t\t\t\t<section data-particle_enable=\"false\" data-particle-mobile-disabled=\"false\" class=\"elementor-section elementor-top-section elementor-element elementor-element-aa4ef8a elementor-section-boxed elementor-section-height-default elementor-section-height-default\" data-id=\"aa4ef8a\" data-element_type=\"section\">\n\t\t\t\t\t\t<div class=\"elementor-container elementor-column-gap-default\">\n\t\t\t\t\t<div class=\"elementor-column elementor-col-100 elementor-top-column elementor-element elementor-element-72bd68d\" data-id=\"72bd68d\" data-element_type=\"column\">\n\t\t\t<div class=\"elementor-widget-wrap elementor-element-populated\">\n\t\t\t\t\t\t<div class=\"elementor-element elementor-element-7fb619d elementor-widget elementor-widget-eael-adv-tabs\" data-id=\"7fb619d\" data-element_type=\"widget\" data-widget_type=\"eael-adv-tabs.default\">\n\t\t\t\t<div class=\"elementor-widget-container\">\n\t\t\t\t\t        <div data-scroll-on-click=\"no\" data-scroll-speed=\"300\" id=\"eael-advance-tabs-7fb619d\" class=\"eael-advance-tabs eael-tabs-vertical eael-tab-auto-active  active-caret-on\" data-tabid=\"7fb619d\">\n            <div class=\"eael-tabs-nav\">\n                <ul class=\"eael-tab-inline-icon\" role=\"tablist\">\n                                            <li id=\"es-parama\" class=\"inactive eael-tab-item-trigger eael-tab-nav-item\" aria-selected=\"true\" data-tab=\"1\" role=\"tab\" tabindex=\"0\" aria-controls=\"es-parama-tab\" aria-expanded=\"false\">\n                            \n                                                                <i class=\"fas fa-home\"><\/i>                                                            \n                                                            <span class=\"eael-tab-title title-after-icon\" >ES parama<\/span>                            \n                                                    <\/li>\n                                    <\/ul>\n            <\/div>\n            \n            <div class=\"eael-tabs-content\">\n\t\t        \n                    <div id=\"es-parama-tab\" class=\"clearfix eael-tab-content-item inactive\" data-title-link=\"es-parama-tab\">\n\t\t\t\t        <p>Lietuvai siekiant pl\u0117toti j\u016brinio v\u0117jo elektrines Baltijos j\u016broje ir ma\u017einti \u0161alies priklausomyb\u0119 nuo elektros importo, Energetikos ministerija su Centrine projekt\u0173 valdymo agent\u016bra pasira\u0161\u0117 daugiau nei 11,54 mln. eur\u0173 su PVM vert\u0117s finansavimo i\u0161 ES l\u0117\u0161\u0173 sutart\u012f.<\/p><p>ES fond\u0173 l\u0117\u0161os skiriamos j\u016brinio v\u0117jo elektrini\u0173 parko pl\u0117tros parengiamiesiems darbams ir susijusios infrastrukt\u016bros \u012frengimui. I\u0161 viso parengiamiesiems darbams numatyta 11,54 mln. eur\u0173, kurie finansuojami Ekonomikos gaivinimo ir atsparumo didinimo priemon\u0117s l\u0117\u0161omis (EGADP) ir Lietuvos valstyb\u0117s biud\u017eeto l\u0117\u0161omis.<\/p><p>Siekiant i\u0161naudoti atsinaujinan\u010dios energetikos pl\u0117tros j\u016broje potencial\u0105, atliekami ir planuojami atlikti teritorijos, skirtos j\u016brini\u0173 v\u0117jo elektrini\u0173 parko pl\u0117trai, j\u016bros dugno tyrimai, infrastrukt\u016bros \u012fgyvendinimo studija, v\u0117jo grei\u010di\u0173 ir kit\u0173 parametr\u0173 matavimai. Taip pat, atliekant parengiamuosius darbus, bus nustatoma parko jungiamosios trasos su sausumos tinklu ir pastot\u0117s vieta, atliekami parko jungties su sausuma j\u016bros dugno tyrimai, \u012fsigyjamos parko jungties su sausumos tinklu konsultacin\u0117s paslaugos, rengiama parko jungties su sausumos tinklu technin\u0117 specifikacija ir teritorij\u0173 planavimo dokumentai.<\/p><p>Siekiant i\u0161spr\u0119sti problem\u0105, susijusi\u0105 su nei\u0161naudojamu atsinaujinan\u010dios energetikos pl\u0117tros j\u016broje potencialu ir buvo inicijuotas parengiam\u0173j\u0173 darb\u0173 vykdymo projektas.<\/p><p>\u0160io projekto metu suplanuotos veiklos skirtos atlikti parengiamuosius darbus j\u016brini\u0173 v\u0117jo elektrini\u0173 pl\u0117trai ir susijusios infrastrukt\u016bros \u012frengimui, kurias \u012fgyvendinus bus prisid\u0117ta prie \u201eNaujos kartos Lietuva\u201c plano B.2 komponento \u201e\u017dalioji Lietuvos transformacija\u201c, B.1.1. 1 reformos \u201eDaugiau \u0161alyje tvariai pagamintos elektros energijos\u201c tikslo \u201eskatinti elektros energijos i\u0161 atsinaujinan\u010di\u0173 i\u0161tekli\u0173 gamyb\u0105, perdavim\u0105 ir vartojim\u0105, tobulinant institucinius ir teisinius mechanizmus bei teikiant verslui ir gyventojams paskatas investuoti\u201c.<\/p><p>Parengiam\u0173j\u0173 darb\u0173 v\u0117jo elektrini\u0173 pl\u0117trai Baltijos j\u016broje projekt\u0105 \u012fgyvendina Energetikos ministerija.<\/p><p>Planuojama projekto veikl\u0173 \u012fgyvendinimo pabaiga 2025 m. bir\u017eelio 30 d.<\/p><section class=\"elementor-section elementor-top-section elementor-element elementor-element-7b688159 elementor-section-boxed elementor-section-height-default elementor-section-height-default\" data-id=\"7b688159\" data-element_type=\"section\"><div class=\"elementor-container elementor-column-gap-default\"><div class=\"elementor-column elementor-col-100 elementor-top-column elementor-element elementor-element-9c11249\" data-id=\"9c11249\" data-element_type=\"column\"><div class=\"elementor-widget-wrap elementor-element-populated\"><div class=\"elementor-element elementor-element-18745d9c elementor-widget elementor-widget-text-editor\" data-id=\"18745d9c\" data-element_type=\"widget\" data-widget_type=\"text-editor.default\"><div class=\"elementor-widget-container\"><p><em>Parengiamieji darbai j\u016brinio v\u0117jo elektrini\u0173 pl\u0117trai ir susijusios infrastrukt\u016bros \u012frengimui Nr. 03-004-P-0001<\/em><\/p><p>Finansuoja Europos S\u0105junga NextGenerationEU<\/p><\/div><\/div><\/div><\/div><\/div><\/section><section class=\"elementor-section elementor-top-section elementor-element elementor-element-b025dd1 elementor-section-boxed elementor-section-height-default elementor-section-height-default\" data-id=\"b025dd1\" data-element_type=\"section\"><div class=\"elementor-container elementor-column-gap-default\"><div class=\"elementor-column elementor-col-50 elementor-top-column elementor-element elementor-element-fb4af89\" data-id=\"fb4af89\" data-element_type=\"column\"><div class=\"elementor-widget-wrap elementor-element-populated\"><div class=\"elementor-element elementor-element-7c6f788 elementor-widget elementor-widget-image\" data-id=\"7c6f788\" data-element_type=\"widget\" data-widget_type=\"image.default\"><div class=\"elementor-widget-container\"><img fetchpriority=\"high\" decoding=\"async\" class=\"attachment-large size-large wp-image-3391\" src=\"https:\/\/offshorewind.lt\/wp-content\/uploads\/2023\/02\/LT_00_Fichier-de-reproduction-Next-Generation-EU_POS-1024x285.jpg\" sizes=\"(max-width: 800px) 100vw, 800px\" srcset=\"https:\/\/offshorewind.lt\/wp-content\/uploads\/2023\/02\/LT_00_Fichier-de-reproduction-Next-Generation-EU_POS-1024x285.jpg 1024w, https:\/\/offshorewind.lt\/wp-content\/uploads\/2023\/02\/LT_00_Fichier-de-reproduction-Next-Generation-EU_POS-300x83.jpg 300w, https:\/\/offshorewind.lt\/wp-content\/uploads\/2023\/02\/LT_00_Fichier-de-reproduction-Next-Generation-EU_POS-768x213.jpg 768w, https:\/\/offshorewind.lt\/wp-content\/uploads\/2023\/02\/LT_00_Fichier-de-reproduction-Next-Generation-EU_POS-1536x427.jpg 1536w, https:\/\/offshorewind.lt\/wp-content\/uploads\/2023\/02\/LT_00_Fichier-de-reproduction-Next-Generation-EU_POS-2048x569.jpg 2048w, https:\/\/offshorewind.lt\/wp-content\/uploads\/2023\/02\/LT_00_Fichier-de-reproduction-Next-Generation-EU_POS-18x5.jpg 18w\" alt=\"\" width=\"800\" height=\"223\" \/><\/div><\/div><\/div><\/div><div class=\"elementor-column elementor-col-50 elementor-top-column elementor-element elementor-element-d129978\" data-id=\"d129978\" data-element_type=\"column\"><div class=\"elementor-widget-wrap elementor-element-populated\"><div class=\"elementor-element elementor-element-c15dfad elementor-widget elementor-widget-image\" data-id=\"c15dfad\" data-element_type=\"widget\" data-widget_type=\"image.default\"><div class=\"elementor-widget-container\"><img decoding=\"async\" class=\"attachment-medium size-medium wp-image-4555\" src=\"https:\/\/offshorewind.lt\/wp-content\/uploads\/2024\/01\/NKL-Logo_Horizontal-RGB-300x107.png\" sizes=\"(max-width: 300px) 100vw, 300px\" srcset=\"https:\/\/offshorewind.lt\/wp-content\/uploads\/2024\/01\/NKL-Logo_Horizontal-RGB-300x107.png 300w, https:\/\/offshorewind.lt\/wp-content\/uploads\/2024\/01\/NKL-Logo_Horizontal-RGB-1024x364.png 1024w, https:\/\/offshorewind.lt\/wp-content\/uploads\/2024\/01\/NKL-Logo_Horizontal-RGB-768x273.png 768w, https:\/\/offshorewind.lt\/wp-content\/uploads\/2024\/01\/NKL-Logo_Horizontal-RGB-1536x546.png 1536w, https:\/\/offshorewind.lt\/wp-content\/uploads\/2024\/01\/NKL-Logo_Horizontal-RGB-18x6.png 18w, https:\/\/offshorewind.lt\/wp-content\/uploads\/2024\/01\/NKL-Logo_Horizontal-RGB.png 1832w\" alt=\"\" width=\"300\" height=\"107\" \/><\/div><\/div><\/div><\/div><\/div><\/section>                    <\/div>\n\t\t                    <\/div>\n        <\/div>\n\t\t\t\t<\/div>\n\t\t\t\t<\/div>\n\t\t\t\t\t<\/div>\n\t\t<\/div>\n\t\t\t\t\t<\/div>\n\t\t<\/section>\n\t\t\t\t<\/div>\n\t\t","protected":false},"excerpt":{"rendered":"<p>ES parama ES parama Lietuvai siekiant pl\u0117toti j\u016brinio v\u0117jo elektrines Baltijos j\u016broje ir ma\u017einti \u0161alies priklausomyb\u0119 nuo elektros importo, Energetikos ministerija su Centrine projekt\u0173 valdymo agent\u016bra pasira\u0161\u0117 daugiau nei 11,54 mln. eur\u0173 su PVM vert\u0117s finansavimo i\u0161 ES l\u0117\u0161\u0173 sutart\u012f. ES fond\u0173 l\u0117\u0161os skiriamos j\u016brinio v\u0117jo elektrini\u0173 parko pl\u0117tros parengiamiesiems darbams ir susijusios infrastrukt\u016bros \u012frengimui. [&hellip;]<\/p>\n","protected":false},"author":4,"featured_media":1915,"parent":0,"menu_order":0,"comment_status":"closed","ping_status":"closed","template":"","meta":{"footnotes":""},"class_list":["post-4636","page","type-page","status-publish","has-post-thumbnail","hentry"],"_links":{"self":[{"href":"https:\/\/offshorewind.lt\/lt\/wp-json\/wp\/v2\/pages\/4636","targetHints":{"allow":["GET"]}}],"collection":[{"href":"https:\/\/offshorewind.lt\/lt\/wp-json\/wp\/v2\/pages"}],"about":[{"href":"https:\/\/offshorewind.lt\/lt\/wp-json\/wp\/v2\/types\/page"}],"author":[{"embeddable":true,"href":"https:\/\/offshorewind.lt\/lt\/wp-json\/wp\/v2\/users\/4"}],"replies":[{"embeddable":true,"href":"https:\/\/offshorewind.lt\/lt\/wp-json\/wp\/v2\/comments?post=4636"}],"version-history":[{"count":10,"href":"https:\/\/offshorewind.lt\/lt\/wp-json\/wp\/v2\/pages\/4636\/revisions"}],"predecessor-version":[{"id":5020,"href":"https:\/\/offshorewind.lt\/lt\/wp-json\/wp\/v2\/pages\/4636\/revisions\/5020"}],"wp:featuredmedia":[{"embeddable":true,"href":"https:\/\/offshorewind.lt\/lt\/wp-json\/wp\/v2\/media\/1915"}],"wp:attachment":[{"href":"https:\/\/offshorewind.lt\/lt\/wp-json\/wp\/v2\/media?parent=4636"}],"curies":[{"name":"wp","href":"https:\/\/api.w.org\/{rel}","templated":true}]}}