{"id":44,"date":"2022-09-15T06:00:41","date_gmt":"2022-09-15T06:00:41","guid":{"rendered":"https:\/\/offshorewind.lt\/?page_id=44"},"modified":"2025-06-03T11:38:33","modified_gmt":"2025-06-03T08:38:33","slug":"aplinkosauga","status":"publish","type":"page","link":"https:\/\/offshorewind.lt\/lt\/aplinkosauga\/","title":{"rendered":"Aplinkosauga"},"content":{"rendered":"\t\t<div data-elementor-type=\"wp-page\" data-elementor-id=\"44\" class=\"elementor elementor-44\" data-elementor-post-type=\"page\">\n\t\t\t\t\t\t<section data-particle_enable=\"false\" data-particle-mobile-disabled=\"false\" class=\"elementor-section elementor-top-section elementor-element elementor-element-20f6d63d elementor-section-height-min-height elementor-section-items-stretch elementor-section-boxed elementor-section-height-default\" data-id=\"20f6d63d\" data-element_type=\"section\" data-settings=\"{&quot;background_background&quot;:&quot;classic&quot;}\">\n\t\t\t\t\t\t<div class=\"elementor-container elementor-column-gap-default\">\n\t\t\t\t\t<div class=\"elementor-column elementor-col-100 elementor-top-column elementor-element elementor-element-2c5c015e\" data-id=\"2c5c015e\" data-element_type=\"column\">\n\t\t\t<div class=\"elementor-widget-wrap elementor-element-populated\">\n\t\t\t\t\t\t<div class=\"elementor-element elementor-element-3e99c3c5 elementor-widget elementor-widget-heading\" data-id=\"3e99c3c5\" data-element_type=\"widget\" data-widget_type=\"heading.default\">\n\t\t\t\t<div class=\"elementor-widget-container\">\n\t\t\t\t\t<h2 class=\"elementor-heading-title elementor-size-default\">APLINKOSAUGA<\/h2>\t\t\t\t<\/div>\n\t\t\t\t<\/div>\n\t\t\t\t\t<\/div>\n\t\t<\/div>\n\t\t\t\t\t<\/div>\n\t\t<\/section>\n\t\t\t\t<section data-particle_enable=\"false\" data-particle-mobile-disabled=\"false\" class=\"elementor-section elementor-top-section elementor-element elementor-element-a46d97b elementor-section-boxed elementor-section-height-default elementor-section-height-default\" data-id=\"a46d97b\" data-element_type=\"section\">\n\t\t\t\t\t\t<div class=\"elementor-container elementor-column-gap-default\">\n\t\t\t\t\t<div class=\"elementor-column elementor-col-100 elementor-top-column elementor-element elementor-element-5352c06\" data-id=\"5352c06\" data-element_type=\"column\">\n\t\t\t<div class=\"elementor-widget-wrap elementor-element-populated\">\n\t\t\t\t\t\t<div class=\"elementor-element elementor-element-a912b45 elementor-widget elementor-widget-eael-adv-tabs\" data-id=\"a912b45\" data-element_type=\"widget\" data-widget_type=\"eael-adv-tabs.default\">\n\t\t\t\t<div class=\"elementor-widget-container\">\n\t\t\t\t\t        <div data-scroll-on-click=\"no\" data-scroll-speed=\"300\" id=\"eael-advance-tabs-a912b45\" class=\"eael-advance-tabs eael-tabs-vertical eael-tab-auto-active  active-caret-on\" data-tabid=\"a912b45\">\n            <div class=\"eael-tabs-nav\">\n                <ul class=\"eael-tab-inline-icon\" role=\"tablist\">\n                                            <li id=\"poveikio-aplinkai-vertinimasantrasis-konkursas\" class=\"inactive eael-tab-item-trigger eael-tab-nav-item\" aria-selected=\"true\" data-tab=\"1\" role=\"tab\" tabindex=\"0\" aria-controls=\"poveikio-aplinkai-vertinimasantrasis-konkursas-tab\" aria-expanded=\"false\">\n                            \n                                                                <i class=\"fas fa-home\"><\/i>                                                            \n                                                            <span class=\"eael-tab-title title-after-icon\" >Poveikio aplinkai vertinimas\u00a0(antrasis konkursas)<\/span>                            \n                                                    <\/li>\n                                    <\/ul>\n            <\/div>\n            \n            <div class=\"eael-tabs-content\">\n\t\t        \n                    <div id=\"poveikio-aplinkai-vertinimasantrasis-konkursas-tab\" class=\"clearfix eael-tab-content-item inactive\" data-title-link=\"poveikio-aplinkai-vertinimasantrasis-konkursas-tab\">\n\t\t\t\t        <p><span style=\"font-weight: 400;\">Lietuvos Respublikos Vyriausyb\u0117s <a href=\"https:\/\/e-seimas.lrs.lt\/portal\/legalAct\/lt\/TAD\/5eafcea1511011edba0ded10be2fa21c\/asr?positionInSearchResults=0&amp;searchModelUUID=f4ad9a56-9f0c-487e-ad33-c2fce6f605e1\" target=\"_blank\" rel=\"noopener\">nutarimas <\/a><\/span><span style=\"font-weight: 400;\">\u201eD\u0117l reikalavim\u0173 asmenims, siekiantiems \u012fgyti bei \u012fgijusiems teis\u0119 pl\u0117toti ir eksploatuoti atsinaujinan\u010dius energijos i\u0161teklius naudojan\u010dias elektrines j\u016brin\u0117je teritorijoje, ir j\u016brin\u0117s teritorijos tyrim\u0173 bei kit\u0173 veiksm\u0173 atlikimo i\u0161laid\u0173 kompensavimo apra\u0161o patvirtinimo\u201c<\/span><span style=\"font-weight: 400;\"> \u012fpareigoja aukciono konkurso laim\u0117toj\u0105 papildomai skirti ne ma\u017eiau kaip 5 mln. eur\u0173 sum\u0105, kuri <\/span><span style=\"font-weight: 400;\">Vyriausyb\u0117s nustatyta tvarka b\u016bt\u0173 panaudojama aplinkos apsaugos j\u016brin\u0117je teritorijoje tikslais<\/span><span style=\"font-weight: 400;\">. Konkurso laim\u0117tojas tur\u0117s nurodyt\u0105 sum\u0105 20 darbo dien\u0173 nuo pirmojo statyb\u0105 leid\u017eian\u010dio dokumento i\u0161davimo dienos pervesti \u012f atskir\u0105 valstyb\u0117s biud\u017eeto s\u0105skait\u0105, kuri skelbiama Energetikos ministerijos interneto svetain\u0117je.<\/span><\/p><h3>Poveikio aplinkai vertinimas<\/h3><p><span style=\"font-weight: 400;\">Siekiant Lietuvos Respublikos Vyriausyb\u0117s 2020 met\u0173 bir\u017eelio 22 dienos <\/span><a href=\"https:\/\/e-seimas.lrs.lt\/portal\/legalAct\/lt\/TAD\/90aa05b1b6bc11ea9a12d0dada3ca61b\/asr\" target=\"_blank\" rel=\"noopener\"><span style=\"font-weight: 400;\">nutarimu<\/span><\/a><span style=\"font-weight: 400;\">\u00a0<\/span><span style=\"font-weight: 400;\">\u201eD\u0117l Lietuvos Respublikos teritorin\u0117s j\u016bros ir (ar) Lietuvos Respublikos i\u0161skirtin\u0117s ekonomin\u0117s zonos Baltijos j\u016broje dali\u0173, kuriose tikslinga organizuoti konkurs\u0105 (konkursus) atsinaujinan\u010dius energijos i\u0161teklius naudojan\u010di\u0173 elektrini\u0173 pl\u0117trai ir eksploatacijai, ir \u0161i\u0173 elektrini\u0173 \u012frengt\u0173j\u0173 gali\u0173 nustatymo\u201c patvirtintoje teritorijoje \u012frengti iki 700 MW \u012frengtosios galios v\u0117jo elektrini\u0173 park\u0105, privaloma parengti planuojamos \u016bkin\u0117s veiklos (P\u016aV) poveikio aplinkai vertinimo (PAV) program\u0105,\u00a0 atlikti PAV proced\u016bras ir parengti PAV ataskait\u0105, vadovaujantis Lietuvos Respublikos Planuojamos \u016bkin\u0117s veiklos poveikio aplinkai vertinimo \u012fstatymu.<\/span><\/p><ul><li><a href=\"https:\/\/files.epsog.lt\/files\/index.php\/s\/DFT7KZwTgSttSXZ\" target=\"_blank\" rel=\"noopener\">J\u016brinio v\u0117jo elektrini\u0173 poveikio aplinkai ataskaita<\/a><\/li><li><a href=\"https:\/\/files.epsog.lt\/files\/index.php\/s\/NfNmQnMm6G73bYc\" target=\"_blank\" rel=\"noopener\">Aplinkos apsaugos agent\u016bros sprendimas d\u0117l j\u016brini\u0173 v\u0117jo elektrini\u0173 parko \u012frengimo ir eksploatacijos Lietuvos j\u016brin\u0117je teritorijoje poveikio aplinkai<\/a><\/li><\/ul><p>\t\t<div data-elementor-type=\"section\" data-elementor-id=\"2046\" class=\"elementor elementor-2046\" data-elementor-post-type=\"elementor_library\">\n\t\t\t\t\t<section data-particle_enable=\"false\" data-particle-mobile-disabled=\"false\" class=\"elementor-section elementor-top-section elementor-element elementor-element-2dfb767 elementor-section-boxed elementor-section-height-default elementor-section-height-default\" data-id=\"2dfb767\" data-element_type=\"section\">\n\t\t\t\t\t\t<div class=\"elementor-container elementor-column-gap-default\">\n\t\t\t\t\t<div class=\"elementor-column elementor-col-100 elementor-top-column elementor-element elementor-element-ead4a77\" data-id=\"ead4a77\" data-element_type=\"column\">\n\t\t\t<div class=\"elementor-widget-wrap elementor-element-populated\">\n\t\t\t\t\t\t<div class=\"elementor-element elementor-element-0d7d3bb elementor-widget elementor-widget-accordion\" data-id=\"0d7d3bb\" data-element_type=\"widget\" data-widget_type=\"accordion.default\">\n\t\t\t\t<div class=\"elementor-widget-container\">\n\t\t\t\t\t\t\t<div class=\"elementor-accordion\">\n\t\t\t\t\t\t\t<div class=\"elementor-accordion-item\">\n\t\t\t\t\t<div id=\"elementor-tab-title-1411\" class=\"elementor-tab-title\" data-tab=\"1\" role=\"button\" aria-controls=\"elementor-tab-content-1411\" aria-expanded=\"false\">\n\t\t\t\t\t\t\t\t\t\t\t\t\t<span class=\"elementor-accordion-icon elementor-accordion-icon-left\" aria-hidden=\"true\">\n\t\t\t\t\t\t\t\t\t\t\t\t\t\t\t<span class=\"elementor-accordion-icon-closed\"><i class=\"fas fa-plus\"><\/i><\/span>\n\t\t\t\t\t\t\t\t<span class=\"elementor-accordion-icon-opened\"><i class=\"fas fa-minus\"><\/i><\/span>\n\t\t\t\t\t\t\t\t\t\t\t\t\t\t<\/span>\n\t\t\t\t\t\t\t\t\t\t\t\t<a class=\"elementor-accordion-title\" tabindex=\"0\">Poveikio aplinkai vertinimo tikslai<\/a>\n\t\t\t\t\t<\/div>\n\t\t\t\t\t<div id=\"elementor-tab-content-1411\" class=\"elementor-tab-content elementor-clearfix\" data-tab=\"1\" role=\"region\" aria-labelledby=\"elementor-tab-title-1411\"><ol><li style=\"font-weight: 400;\" aria-level=\"1\"><span style=\"font-weight: 400;\">Nustatyti, apib\u016bdinti ir \u012fvertinti galim\u0105 tiesiogin\u012f ir netiesiogin\u012f planuojamos \u016bkin\u0117s veiklos (P\u016aV) poveik\u012f \u0161iems aplinkos elementams: \u017eem\u0117s pavir\u0161iui ir jos gelm\u0117ms, orui, vandeniui, kra\u0161tovaizd\u017eiui ir biologinei \u012fvairovei, ypating\u0105 d\u0117mes\u012f skiriant Europos Bendrijai svarbioms r\u016b\u0161ims ir nat\u016bralioms buvein\u0117ms, taip pat kitoms pagal Lietuvos Respublikos saugom\u0173 gyv\u016bn\u0173, augal\u0173 ir gryb\u0173 r\u016b\u0161i\u0173 \u012fstatym\u0105 saugomoms r\u016b\u0161ims, materialin\u0117ms vertyb\u0117ms, nekilnojamosioms kult\u016bros vertyb\u0117ms ir \u0161i\u0173 element\u0173 tarpusavio s\u0105veikai;<\/span><\/li><li style=\"font-weight: 400;\" aria-level=\"1\"><span style=\"font-weight: 400;\">Nustatyti, apib\u016bdinti ir \u012fvertinti galim\u0105 tiesiogin\u012f ir netiesiogin\u012f P\u016aV sukeliam\u0173 biologini\u0173, chemini\u0173 ir fizikini\u0173 veiksni\u0173 poveik\u012f visuomen\u0117s sveikatai, taip pat aplinkos element\u0173 ir visuomen\u0117s sveikatos tarpusavio s\u0105veikai;<\/span><\/li><li style=\"font-weight: 400;\" aria-level=\"1\"><span style=\"font-weight: 400;\">Nustatyti galim\u0105 P\u016aV poveik\u012f aplinkos elementams ir visuomen\u0117s sveikatai d\u0117l planuojamos \u016bkin\u0117s veiklos pa\u017eeid\u017eiamumo rizikos d\u0117l ekstremali\u0173j\u0173 \u012fvyki\u0173 ir (ar) galim\u0173 ekstremali\u0173j\u0173 situacij\u0173;<\/span><\/li><li style=\"font-weight: 400;\" aria-level=\"1\"><span style=\"font-weight: 400;\">Nustatyti priemones, kuri\u0173 numatoma imtis siekiant i\u0161vengti numatomo reik\u0161mingo neigiamo poveikio aplinkai ir visuomen\u0117s sveikatai, j\u012f suma\u017einti ar, jeigu \u012fmanoma, j\u012f kompensuoti;<\/span><\/li><li style=\"font-weight: 400;\" aria-level=\"1\"><span style=\"font-weight: 400;\">Nustatyti, ar P\u016aV, \u012fvertinus jos pob\u016bd\u012f, viet\u0105 ir (ar) poveik\u012f aplinkai ir visuomen\u0117s sveikatai, atitinka aplinkos apsaugos, visuomen\u0117s sveikatos, nekilnojamojo kult\u016bros paveldo apsaugos, gaisrin\u0117s ir civilin\u0117s saugos teis\u0117s akt\u0173 reikalavimus.<\/span><\/li><\/ol><\/div>\n\t\t\t\t<\/div>\n\t\t\t\t\t\t\t<div class=\"elementor-accordion-item\">\n\t\t\t\t\t<div id=\"elementor-tab-title-1412\" class=\"elementor-tab-title\" data-tab=\"2\" role=\"button\" aria-controls=\"elementor-tab-content-1412\" aria-expanded=\"false\">\n\t\t\t\t\t\t\t\t\t\t\t\t\t<span class=\"elementor-accordion-icon elementor-accordion-icon-left\" aria-hidden=\"true\">\n\t\t\t\t\t\t\t\t\t\t\t\t\t\t\t<span class=\"elementor-accordion-icon-closed\"><i class=\"fas fa-plus\"><\/i><\/span>\n\t\t\t\t\t\t\t\t<span class=\"elementor-accordion-icon-opened\"><i class=\"fas fa-minus\"><\/i><\/span>\n\t\t\t\t\t\t\t\t\t\t\t\t\t\t<\/span>\n\t\t\t\t\t\t\t\t\t\t\t\t<a class=\"elementor-accordion-title\" tabindex=\"0\">Poveikio aplinkai vertinimo teritorija<\/a>\n\t\t\t\t\t<\/div>\n\t\t\t\t\t<div id=\"elementor-tab-content-1412\" class=\"elementor-tab-content elementor-clearfix\" data-tab=\"2\" role=\"region\" aria-labelledby=\"elementor-tab-title-1412\"><p><a href=\"https:\/\/offshorewind.lt\/wp-content\/uploads\/2022\/09\/Poveikio-aplinkai-vertinimas-ter100.jpeg\"><img fetchpriority=\"high\" decoding=\"async\" class=\"alignnone wp-image-852 size-full\" src=\"https:\/\/offshorewind.lt\/wp-content\/uploads\/2022\/09\/Poveikio-aplinkai-vertinimas-ter100.jpeg\" alt=\"\" width=\"929\" height=\"658\" srcset=\"https:\/\/offshorewind.lt\/wp-content\/uploads\/2022\/09\/Poveikio-aplinkai-vertinimas-ter100.jpeg 929w, https:\/\/offshorewind.lt\/wp-content\/uploads\/2022\/09\/Poveikio-aplinkai-vertinimas-ter100-300x212.jpeg 300w, https:\/\/offshorewind.lt\/wp-content\/uploads\/2022\/09\/Poveikio-aplinkai-vertinimas-ter100-768x544.jpeg 768w, https:\/\/offshorewind.lt\/wp-content\/uploads\/2022\/09\/Poveikio-aplinkai-vertinimas-ter100-18x12.jpeg 18w\" sizes=\"(max-width: 929px) 100vw, 929px\" \/><\/a><\/p><\/div>\n\t\t\t\t<\/div>\n\t\t\t\t\t\t\t<div class=\"elementor-accordion-item\">\n\t\t\t\t\t<div id=\"elementor-tab-title-1413\" class=\"elementor-tab-title\" data-tab=\"3\" role=\"button\" aria-controls=\"elementor-tab-content-1413\" aria-expanded=\"false\">\n\t\t\t\t\t\t\t\t\t\t\t\t\t<span class=\"elementor-accordion-icon elementor-accordion-icon-left\" aria-hidden=\"true\">\n\t\t\t\t\t\t\t\t\t\t\t\t\t\t\t<span class=\"elementor-accordion-icon-closed\"><i class=\"fas fa-plus\"><\/i><\/span>\n\t\t\t\t\t\t\t\t<span class=\"elementor-accordion-icon-opened\"><i class=\"fas fa-minus\"><\/i><\/span>\n\t\t\t\t\t\t\t\t\t\t\t\t\t\t<\/span>\n\t\t\t\t\t\t\t\t\t\t\t\t<a class=\"elementor-accordion-title\" tabindex=\"0\">Ataskaitos<\/a>\n\t\t\t\t\t<\/div>\n\t\t\t\t\t<div id=\"elementor-tab-content-1413\" class=\"elementor-tab-content elementor-clearfix\" data-tab=\"3\" role=\"region\" aria-labelledby=\"elementor-tab-title-1413\"><p><i class=\"fa fa-file-pdf-o\" aria-hidden=\"true\"><\/i><br \/><a class=\"pdf\" href=\"https:\/\/offshorewind.lt\/wp-content\/uploads\/2022\/09\/PAV-programa_jura-VE_20211014.pdf\" target=\"_blank\" rel=\"noopener\">Poveikio aplinkai vertinimo programa<\/a><\/p><p><a href=\"https:\/\/files.epsog.lt\/files\/index.php\/s\/DFT7KZwTgSttSXZ\" target=\"_blank\" rel=\"noopener\">J\u016brinio v\u0117jo elektrini\u0173 poveikio aplinkai ataskaita<\/a><\/p><p><a href=\"https:\/\/files.epsog.lt\/files\/index.php\/s\/NfNmQnMm6G73bYc\" target=\"_blank\" rel=\"noopener\">Susij\u0119 dokumentai<\/a><\/p><\/div>\n\t\t\t\t<\/div>\n\t\t\t\t\t\t\t\t<\/div>\n\t\t\t\t\t\t<\/div>\n\t\t\t\t<\/div>\n\t\t\t\t<div class=\"elementor-element elementor-element-ed3f233 elementor-widget elementor-widget-html\" data-id=\"ed3f233\" data-element_type=\"widget\" data-widget_type=\"html.default\">\n\t\t\t\t<div class=\"elementor-widget-container\">\n\t\t\t\t\t<script>\njQuery(document).ready(function($) {\nvar delay = 100; setTimeout(function() {\n$('.elementor-accordion-item > .elementor-tab-title').removeClass('elementor-active');\n $('.elementor-accordion-item > .elementor-tab-content').css('display', 'none'); }, delay);\n});\n<\/script>\t\t\t\t<\/div>\n\t\t\t\t<\/div>\n\t\t\t\t\t<\/div>\n\t\t<\/div>\n\t\t\t\t\t<\/div>\n\t\t<\/section>\n\t\t\t\t<\/div>\n\t\t<\/p>                    <\/div>\n\t\t                    <\/div>\n        <\/div>\n\t\t\t\t<\/div>\n\t\t\t\t<\/div>\n\t\t\t\t\t<\/div>\n\t\t<\/div>\n\t\t\t\t\t<\/div>\n\t\t<\/section>\n\t\t\t\t<\/div>\n\t\t","protected":false},"excerpt":{"rendered":"<p>APLINKOSAUGA Poveikio aplinkai vertinimas\u00a0(antrasis konkursas) Lietuvos Respublikos Vyriausyb\u0117s nutarimas \u201eD\u0117l reikalavim\u0173 asmenims, siekiantiems \u012fgyti bei \u012fgijusiems teis\u0119 pl\u0117toti ir eksploatuoti atsinaujinan\u010dius energijos i\u0161teklius naudojan\u010dias elektrines j\u016brin\u0117je teritorijoje, ir j\u016brin\u0117s teritorijos tyrim\u0173 bei kit\u0173 veiksm\u0173 atlikimo i\u0161laid\u0173 kompensavimo apra\u0161o patvirtinimo\u201c \u012fpareigoja aukciono konkurso laim\u0117toj\u0105 papildomai skirti ne ma\u017eiau kaip 5 mln. eur\u0173 sum\u0105, kuri Vyriausyb\u0117s nustatyta [&hellip;]<\/p>\n","protected":false},"author":1,"featured_media":0,"parent":0,"menu_order":0,"comment_status":"closed","ping_status":"closed","template":"","meta":{"footnotes":""},"class_list":["post-44","page","type-page","status-publish","hentry"],"_links":{"self":[{"href":"https:\/\/offshorewind.lt\/lt\/wp-json\/wp\/v2\/pages\/44","targetHints":{"allow":["GET"]}}],"collection":[{"href":"https:\/\/offshorewind.lt\/lt\/wp-json\/wp\/v2\/pages"}],"about":[{"href":"https:\/\/offshorewind.lt\/lt\/wp-json\/wp\/v2\/types\/page"}],"author":[{"embeddable":true,"href":"https:\/\/offshorewind.lt\/lt\/wp-json\/wp\/v2\/users\/1"}],"replies":[{"embeddable":true,"href":"https:\/\/offshorewind.lt\/lt\/wp-json\/wp\/v2\/comments?post=44"}],"version-history":[{"count":103,"href":"https:\/\/offshorewind.lt\/lt\/wp-json\/wp\/v2\/pages\/44\/revisions"}],"predecessor-version":[{"id":5248,"href":"https:\/\/offshorewind.lt\/lt\/wp-json\/wp\/v2\/pages\/44\/revisions\/5248"}],"wp:attachment":[{"href":"https:\/\/offshorewind.lt\/lt\/wp-json\/wp\/v2\/media?parent=44"}],"curies":[{"name":"wp","href":"https:\/\/api.w.org\/{rel}","templated":true}]}}