{"id":40,"date":"2022-09-15T06:00:05","date_gmt":"2022-09-15T06:00:05","guid":{"rendered":"https:\/\/offshorewind.lt\/?page_id=40"},"modified":"2025-06-03T16:03:39","modified_gmt":"2025-06-03T13:03:39","slug":"apie-projekta","status":"publish","type":"page","link":"https:\/\/offshorewind.lt\/lt\/apie-projekta\/","title":{"rendered":"Apie projekt\u0105"},"content":{"rendered":"\t\t<div data-elementor-type=\"wp-page\" data-elementor-id=\"40\" class=\"elementor elementor-40\" data-elementor-post-type=\"page\">\n\t\t\t\t\t\t<section data-particle_enable=\"false\" data-particle-mobile-disabled=\"false\" class=\"elementor-section elementor-top-section elementor-element elementor-element-4c609c73 elementor-section-height-min-height elementor-section-items-stretch elementor-section-boxed elementor-section-height-default\" data-id=\"4c609c73\" data-element_type=\"section\" data-settings=\"{&quot;background_background&quot;:&quot;classic&quot;}\">\n\t\t\t\t\t\t<div class=\"elementor-container elementor-column-gap-default\">\n\t\t\t\t\t<div class=\"elementor-column elementor-col-100 elementor-top-column elementor-element elementor-element-429d85d0\" data-id=\"429d85d0\" data-element_type=\"column\">\n\t\t\t<div class=\"elementor-widget-wrap elementor-element-populated\">\n\t\t\t\t\t\t<div class=\"elementor-element elementor-element-1a80d271 elementor-widget elementor-widget-heading\" data-id=\"1a80d271\" data-element_type=\"widget\" data-widget_type=\"heading.default\">\n\t\t\t\t<div class=\"elementor-widget-container\">\n\t\t\t\t\t<h2 class=\"elementor-heading-title elementor-size-default\">Apie projektUS<\/h2>\t\t\t\t<\/div>\n\t\t\t\t<\/div>\n\t\t\t\t\t<\/div>\n\t\t<\/div>\n\t\t\t\t\t<\/div>\n\t\t<\/section>\n\t\t\t\t<section data-particle_enable=\"false\" data-particle-mobile-disabled=\"false\" class=\"elementor-section elementor-top-section elementor-element elementor-element-2f1f26a elementor-section-boxed elementor-section-height-default elementor-section-height-default\" data-id=\"2f1f26a\" data-element_type=\"section\">\n\t\t\t\t\t\t<div class=\"elementor-container elementor-column-gap-default\">\n\t\t\t\t\t<div class=\"elementor-column elementor-col-100 elementor-top-column elementor-element elementor-element-61961c8\" data-id=\"61961c8\" data-element_type=\"column\">\n\t\t\t<div class=\"elementor-widget-wrap elementor-element-populated\">\n\t\t\t\t\t\t<div class=\"elementor-element elementor-element-1e49a3b elementor-widget elementor-widget-eael-adv-tabs\" data-id=\"1e49a3b\" data-element_type=\"widget\" data-widget_type=\"eael-adv-tabs.default\">\n\t\t\t\t<div class=\"elementor-widget-container\">\n\t\t\t\t\t        <div data-scroll-on-click=\"no\" data-scroll-speed=\"300\" id=\"eael-advance-tabs-1e49a3b\" class=\"eael-advance-tabs eael-tabs-vertical eael-tab-auto-active  active-caret-on\" data-tabid=\"1e49a3b\">\n            <div class=\"eael-tabs-nav\">\n                <ul class=\"\" role=\"tablist\">\n                                            <li id=\"apieprojekta1\" class=\"inactive eael-tab-item-trigger eael-tab-nav-item\" aria-selected=\"true\" data-tab=\"1\" role=\"tab\" tabindex=\"0\" aria-controls=\"apieprojekta1-tab\" aria-expanded=\"false\">\n                            \n                            \n                            \n                                                            <span class=\"eael-tab-title title-after-icon\" >J\u016brinio v\u0117jo parkai Baltijos j\u016broje<\/span>                                                    <\/li>\n                                            <li id=\"apieprojekta2\" class=\"inactive eael-tab-item-trigger eael-tab-nav-item\" aria-selected=\"false\" data-tab=\"2\" role=\"tab\" tabindex=\"-1\" aria-controls=\"apieprojekta2-tab\" aria-expanded=\"false\">\n                            \n                            \n                            \n                                                            <span class=\"eael-tab-title title-after-icon\" >Kuriama vert\u0117 paj\u016brio regione <\/span>                                                    <\/li>\n                                            <li id=\"apieprojekta4\" class=\"inactive eael-tab-item-trigger eael-tab-nav-item\" aria-selected=\"false\" data-tab=\"3\" role=\"tab\" tabindex=\"-1\" aria-controls=\"apieprojekta4-tab\" aria-expanded=\"false\">\n                            \n                            \n                            \n                                                            <span class=\"eael-tab-title title-after-icon\" >Projekt\u0173 vieta<\/span>                                                    <\/li>\n                                            <li id=\"apieprojekta5\" class=\"inactive eael-tab-item-trigger eael-tab-nav-item\" aria-selected=\"false\" data-tab=\"4\" role=\"tab\" tabindex=\"-1\" aria-controls=\"apieprojekta5-tab\" aria-expanded=\"false\">\n                            \n                            \n                            \n                                                            <span class=\"eael-tab-title title-after-icon\" >Atsakingos institucijos<\/span>                                                    <\/li>\n                                            <li id=\"jrinio-vjo-elektrini-park-prijungimas\" class=\"inactive eael-tab-item-trigger eael-tab-nav-item\" aria-selected=\"false\" data-tab=\"5\" role=\"tab\" tabindex=\"-1\" aria-controls=\"jrinio-vjo-elektrini-park-prijungimas-tab\" aria-expanded=\"false\">\n                            \n                            \n                            \n                                                            <span class=\"eael-tab-title title-after-icon\" >J\u016brinio v\u0117jo elektrini\u0173 park\u0173 prijungimas<\/span>                                                    <\/li>\n                                    <\/ul>\n            <\/div>\n            \n            <div class=\"eael-tabs-content\">\n\t\t        \n                    <div id=\"apieprojekta1-tab\" class=\"clearfix eael-tab-content-item inactive\" data-title-link=\"apieprojekta1-tab\">\n\t\t\t\t        <h3>J\u016brinio v\u0117jo parkai Baltijos j\u016broje<\/h3><p>J\u016brinio v\u0117jo parkai Lietuvoje \u2013 vieni i\u0161 svarbiausi\u0173 \u0161alies energetin\u0117s nepriklausomyb\u0117s projekt\u0173. Jie itin padidins elektros i\u0161 atsinaujinan\u010di\u0173 energijos i\u0161tekli\u0173 gamyb\u0105 ir taip suma\u017eins Lietuvos priklausomyb\u0119 nuo elektros importo bei u\u017etikrins ma\u017eas elektros kainas gyventojams.<\/p><p>Planuojama, jog iki 2035 met\u0173 Lietuvos Respublikos i\u0161skirtin\u0117s ekonomin\u0117s zonos Baltijos j\u016bros dalyje ties Palanga prad\u0117siantys veikti du ma\u017edaug 1,4 GW galios j\u016brinio v\u0117jo parkai pagamins iki 6 TWh \u017ealiosios elektros energijos per metus, o tai u\u017etikrint\u0173 iki pus\u0117s dabartinio Lietuvos elektros energijos poreikio, taip pat pritrauks beveik 3 mlrd. eur\u0173 investicij\u0173 ir sukurs ma\u017eiausiai 1,3 t\u016bkst. nauj\u0173 darbo viet\u0173.<\/p><p>Pirmasis 700 MW galios j\u016brinio v\u0117jo elektrini\u0173 parko\u00a0 konkursas buvo paskelbtas 2023 m. kovo 30 d. Jo laim\u0117toju pripa\u017einti jungtin\u0117s veiklos sutarties pagrindu veikiantys juridiniai asmenys: UAB \u201eIgnitis renewables\u201c ir OW OFFSHORE, S.L., kurie\u00a0 pasi\u016bl\u0117 valstybei did\u017eiausi\u0105 vystymo mokest\u012f \u2013 20 mln. Eur. Konkurso laim\u0117tojai \u012fgijo teis\u0119 vystyti j\u016brinio v\u0117jo elektrini\u0173 park\u0105 120 km2 plote Baltijos j\u016broje, nutolusiame apie 36 km. Projektui buvo suteiktas \u201eCuronian Nord\u201c vardas. Detaliau apie projekto \u012fgyvendinimo eig\u0105 galima susipa\u017einti vystytojo internetiniame tinklalapyje: <a href=\"https:\/\/curoniannord.com\/en\/\">Lithuanian offshore wind farm | Curonian Nord<\/a><\/p><p>Antrajam 700 MW leistinos generuoti galios j\u016brinio v\u0117jo elektrini\u0173 parko vystytojui nustatyti konkurs\u0105 planuojama skelbti 2025 m. bir\u017eelio 9 d. J\u016brinio v\u0117jo elektrini\u0173 pl\u0117trai skirtos teritorijos plotas sieka apie 136,39 km2, parkas nuo kranto bus nutol\u0119s apie 36 km. Antrasis konkursas organizuojamas su galimybe gauti valstyb\u0117s param\u0105, kuri gal\u0117t\u0173 b\u016bti mokama 15 met\u0173 nuo leidimo generuoti gavimo dienos.<\/p><p>Atsi\u017evelgiant \u012f Lietuvos Respublikos \u012fstatymus bei remiantis europine praktika vystant j\u016brinio v\u0117jo elektrini\u0173 park\u0105, \u0161iam Lietuvos Respublikai strategi\u0161kai svarbiam energetiniam projektui privaloma atlikti reikalingas proced\u016bras ir studijas, i\u0161 kuri\u0173 svarbiausios:<\/p><ul><li aria-level=\"1\"><a href=\"https:\/\/offshorewind.lt\/lt\/teritorijos-planavimas\/\" target=\"_blank\" rel=\"noopener\">in\u017einerin\u0117s infrastrukt\u016bros vystymo plano parengimas ir strateginio pasekmi\u0173 aplinkai vertinimo (SPAV) atlikimas<\/a>;<\/li><li aria-level=\"1\"><a href=\"https:\/\/offshorewind.lt\/lt\/aplinkosauga\/\" target=\"_blank\" rel=\"noopener\">planuojamos \u016bkin\u0117s veiklos poveikio aplinkai vertinimas (PAV)<\/a>;<\/li><li aria-level=\"1\"><a href=\"https:\/\/offshorewind.lt\/lt\/vystytojams\/\" target=\"_blank\" rel=\"noopener\">v\u0117jo grei\u010dio planuojamoje teritorijoje matavimai<\/a>;<\/li><li aria-level=\"1\"><a href=\"https:\/\/offshorewind.lt\/lt\/vystytojams\/\" target=\"_blank\" rel=\"noopener\">dugno geofiziniai ir geotechniniai tyrimai<\/a>.<\/li><\/ul>                    <\/div>\n\t\t        \n                    <div id=\"apieprojekta2-tab\" class=\"clearfix eael-tab-content-item inactive\" data-title-link=\"apieprojekta2-tab\">\n\t\t\t\t        <h3>J\u016brinio v\u0117jo park\u0173 kuriama vert\u0117<\/h3><ul><li aria-level=\"1\">J\u016brinio v\u0117jo j\u0117gaini\u0173 projektai leis \u012fgyvendinti pagrindin\u012f <a href=\"https:\/\/www.e-tar.lt\/portal\/lt\/legalActEditions\/TAR.E151BC09AE62\" target=\"_blank\" rel=\"noopener\">Nacionalin\u0117s energetin\u0117s nepriklausomyb\u0117s strategijos<\/a>\u00a0tiksl\u0105 atsinaujinan\u010di\u0173 energijos i\u0161tekli\u0173 srityje \u2013 toliau didinti atsinaujinan\u010di\u0173 energijos i\u0161tekli\u0173 dal\u012f Lietuvos vidaus energijos gamyboje ir galutiniame energijos suvartojimo balanse, taip ma\u017einant priklausomyb\u0119 nuo i\u0161kastinio kuro importo ir didinant vietin\u0117s elektros energijos gamybos paj\u0117gumus<\/li><li aria-level=\"1\">J\u016brinio v\u0117jo parkai leis u\u017etikrinti \u017eemesnes elektros kainas Lietuvos gyventojams ir \u012fmon\u0117ms;<\/li><li aria-level=\"1\">V\u0117jo energijos \u0161altiniai yra atsinaujinantys, vadinasi, nei\u0161senkantys;<\/li><li aria-level=\"1\">I\u0161 v\u0117jo pagaminta energija neter\u0161ia oro ir leid\u017eia ma\u017einti poveik\u012f klimatui.<\/li><\/ul><h3>Nauda paj\u016brio bendruomenei<\/h3><ul><li aria-level=\"1\">Park\u0173 vystytojas \u012fsipareigoja prisid\u0117ti prie paj\u016brio bendruomeni\u0173 gerov\u0117s \u2013 kasmet \u0161alia statomo parko esan\u010di\u0173 savivaldybi\u0173 bendruomen\u0117ms skirti \u012fmok\u0105 (1 eur\u0105 u\u017e 1 MWh pagamintos elektros energijos), kas, preliminariais vertinimais, sieks ma\u017edaug 3 mln. eur\u0173;<\/li><li aria-level=\"1\">Park\u0173 vystytojas tur\u0117s skirti ne ma\u017eiau kaip 5 mln. eur\u0173 sum\u0105 aplinkos apsaugos Lietuvos j\u016brin\u0117je teritorijoje tikslais;<\/li><li aria-level=\"1\">Statyb\u0173 ir eksploatacijos laikotarpiu planuojama sukurti net 1,3 t\u016bkst. nauj\u0173 darbo viet\u0173;<\/li><li aria-level=\"1\">Ne ma\u017eiau nei 3 proc. parko statybos darb\u0173 tur\u0117s atlikti ma\u017eos bei vidutinio dyd\u017eio \u012fmon\u0117s.<\/li><\/ul>                    <\/div>\n\t\t        \n                    <div id=\"apieprojekta4-tab\" class=\"clearfix eael-tab-content-item inactive\" data-title-link=\"apieprojekta4-tab\">\n\t\t\t\t        <h3>Projekt\u0173 vieta<\/h3><p><img fetchpriority=\"high\" decoding=\"async\" class=\"alignnone size-full wp-image-3790\" src=\"https:\/\/offshorewind.lt\/wp-content\/uploads\/2023\/04\/parku-vieta-1.png\" alt=\"\" width=\"1061\" height=\"783\" srcset=\"https:\/\/offshorewind.lt\/wp-content\/uploads\/2023\/04\/parku-vieta-1.png 1061w, https:\/\/offshorewind.lt\/wp-content\/uploads\/2023\/04\/parku-vieta-1-300x221.png 300w, https:\/\/offshorewind.lt\/wp-content\/uploads\/2023\/04\/parku-vieta-1-1024x756.png 1024w, https:\/\/offshorewind.lt\/wp-content\/uploads\/2023\/04\/parku-vieta-1-768x567.png 768w, https:\/\/offshorewind.lt\/wp-content\/uploads\/2023\/04\/parku-vieta-1-16x12.png 16w\" sizes=\"(max-width: 1061px) 100vw, 1061px\" \/><\/p>                    <\/div>\n\t\t        \n                    <div id=\"apieprojekta5-tab\" class=\"clearfix eael-tab-content-item inactive\" data-title-link=\"apieprojekta5-tab\">\n\t\t\t\t        <p>\t\t<div data-elementor-type=\"section\" data-elementor-id=\"2245\" class=\"elementor elementor-2245\" data-elementor-post-type=\"elementor_library\">\n\t\t\t\t\t<section data-particle_enable=\"false\" data-particle-mobile-disabled=\"false\" class=\"elementor-section elementor-top-section elementor-element elementor-element-4826571 elementor-section-boxed elementor-section-height-default elementor-section-height-default\" data-id=\"4826571\" data-element_type=\"section\">\n\t\t\t\t\t\t<div class=\"elementor-container elementor-column-gap-wider\">\n\t\t\t\t\t<div class=\"elementor-column elementor-col-33 elementor-top-column elementor-element elementor-element-3563611\" data-id=\"3563611\" data-element_type=\"column\">\n\t\t\t<div class=\"elementor-widget-wrap elementor-element-populated\">\n\t\t\t\t\t\t<div class=\"elementor-element elementor-element-098ecda elementor-widget elementor-widget-image\" data-id=\"098ecda\" data-element_type=\"widget\" data-widget_type=\"image.default\">\n\t\t\t\t<div class=\"elementor-widget-container\">\n\t\t\t\t\t\t\t\t\t\t\t\t\t\t\t\t<a href=\"https:\/\/enmin.lrv.lt\/\" target=\"_blank\">\n\t\t\t\t\t\t\t<img decoding=\"async\" width=\"800\" height=\"241\" src=\"https:\/\/offshorewind.lt\/wp-content\/uploads\/2022\/09\/ENMIN_logo-1024x309.jpg\" class=\"attachment-large size-large wp-image-2538\" alt=\"\" srcset=\"https:\/\/offshorewind.lt\/wp-content\/uploads\/2022\/09\/ENMIN_logo-1024x309.jpg 1024w, https:\/\/offshorewind.lt\/wp-content\/uploads\/2022\/09\/ENMIN_logo-300x91.jpg 300w, https:\/\/offshorewind.lt\/wp-content\/uploads\/2022\/09\/ENMIN_logo-768x232.jpg 768w, https:\/\/offshorewind.lt\/wp-content\/uploads\/2022\/09\/ENMIN_logo-1536x464.jpg 1536w, https:\/\/offshorewind.lt\/wp-content\/uploads\/2022\/09\/ENMIN_logo-18x5.jpg 18w, https:\/\/offshorewind.lt\/wp-content\/uploads\/2022\/09\/ENMIN_logo.jpg 1643w\" sizes=\"(max-width: 800px) 100vw, 800px\" \/>\t\t\t\t\t\t\t\t<\/a>\n\t\t\t\t\t\t\t\t\t\t\t\t\t\t\t<\/div>\n\t\t\t\t<\/div>\n\t\t\t\t\t<\/div>\n\t\t<\/div>\n\t\t\t\t<div class=\"elementor-column elementor-col-33 elementor-top-column elementor-element elementor-element-1b19bcb\" data-id=\"1b19bcb\" data-element_type=\"column\">\n\t\t\t<div class=\"elementor-widget-wrap elementor-element-populated\">\n\t\t\t\t\t\t<div class=\"elementor-element elementor-element-a619404 elementor-widget elementor-widget-image\" data-id=\"a619404\" data-element_type=\"widget\" data-widget_type=\"image.default\">\n\t\t\t\t<div class=\"elementor-widget-container\">\n\t\t\t\t\t\t\t\t\t\t\t\t\t\t\t\t<a href=\"https:\/\/www.epsog.lt\/\" target=\"_blank\">\n\t\t\t\t\t\t\t<img decoding=\"async\" width=\"800\" height=\"184\" src=\"https:\/\/offshorewind.lt\/wp-content\/uploads\/2022\/09\/image-3-1-1024x236.png\" class=\"attachment-large size-large wp-image-5347\" alt=\"\" srcset=\"https:\/\/offshorewind.lt\/wp-content\/uploads\/2022\/09\/image-3-1-1024x236.png 1024w, https:\/\/offshorewind.lt\/wp-content\/uploads\/2022\/09\/image-3-1-300x69.png 300w, https:\/\/offshorewind.lt\/wp-content\/uploads\/2022\/09\/image-3-1-768x177.png 768w, https:\/\/offshorewind.lt\/wp-content\/uploads\/2022\/09\/image-3-1-18x4.png 18w, https:\/\/offshorewind.lt\/wp-content\/uploads\/2022\/09\/image-3-1.png 1212w\" sizes=\"(max-width: 800px) 100vw, 800px\" \/>\t\t\t\t\t\t\t\t<\/a>\n\t\t\t\t\t\t\t\t\t\t\t\t\t\t\t<\/div>\n\t\t\t\t<\/div>\n\t\t\t\t\t<\/div>\n\t\t<\/div>\n\t\t\t\t<div class=\"elementor-column elementor-col-33 elementor-top-column elementor-element elementor-element-8bb064d\" data-id=\"8bb064d\" data-element_type=\"column\">\n\t\t\t<div class=\"elementor-widget-wrap elementor-element-populated\">\n\t\t\t\t\t\t<div class=\"elementor-element elementor-element-8cbabf0 elementor-widget elementor-widget-image\" data-id=\"8cbabf0\" data-element_type=\"widget\" data-widget_type=\"image.default\">\n\t\t\t\t<div class=\"elementor-widget-container\">\n\t\t\t\t\t\t\t\t\t\t\t\t\t\t\t\t<a href=\"https:\/\/www.ena.lt\/\" target=\"_blank\">\n\t\t\t\t\t\t\t<img loading=\"lazy\" decoding=\"async\" width=\"512\" height=\"171\" src=\"https:\/\/offshorewind.lt\/wp-content\/uploads\/2022\/09\/unnamed-2.png\" class=\"attachment-large size-large wp-image-1192\" alt=\"\" srcset=\"https:\/\/offshorewind.lt\/wp-content\/uploads\/2022\/09\/unnamed-2.png 512w, https:\/\/offshorewind.lt\/wp-content\/uploads\/2022\/09\/unnamed-2-300x100.png 300w, https:\/\/offshorewind.lt\/wp-content\/uploads\/2022\/09\/unnamed-2-18x6.png 18w\" sizes=\"(max-width: 512px) 100vw, 512px\" \/>\t\t\t\t\t\t\t\t<\/a>\n\t\t\t\t\t\t\t\t\t\t\t\t\t\t\t<\/div>\n\t\t\t\t<\/div>\n\t\t\t\t\t<\/div>\n\t\t<\/div>\n\t\t\t\t\t<\/div>\n\t\t<\/section>\n\t\t\t\t<section data-particle_enable=\"false\" data-particle-mobile-disabled=\"false\" class=\"elementor-section elementor-top-section elementor-element elementor-element-f54b41e elementor-section-boxed elementor-section-height-default elementor-section-height-default\" data-id=\"f54b41e\" data-element_type=\"section\">\n\t\t\t\t\t\t<div class=\"elementor-container elementor-column-gap-wider\">\n\t\t\t\t\t<div class=\"elementor-column elementor-col-33 elementor-top-column elementor-element elementor-element-8536fbc\" data-id=\"8536fbc\" data-element_type=\"column\">\n\t\t\t<div class=\"elementor-widget-wrap elementor-element-populated\">\n\t\t\t\t\t\t<div class=\"elementor-element elementor-element-92bc74b elementor-widget elementor-widget-image\" data-id=\"92bc74b\" data-element_type=\"widget\" data-widget_type=\"image.default\">\n\t\t\t\t<div class=\"elementor-widget-container\">\n\t\t\t\t\t\t\t\t\t\t\t\t\t\t\t\t<a href=\"https:\/\/www.regula.lt\/Puslapiai\/default.aspx\" target=\"_blank\">\n\t\t\t\t\t\t\t<img loading=\"lazy\" decoding=\"async\" width=\"249\" height=\"53\" src=\"https:\/\/offshorewind.lt\/wp-content\/uploads\/2022\/09\/unnamed-3.png\" class=\"attachment-large size-large wp-image-1193\" alt=\"\" srcset=\"https:\/\/offshorewind.lt\/wp-content\/uploads\/2022\/09\/unnamed-3.png 249w, https:\/\/offshorewind.lt\/wp-content\/uploads\/2022\/09\/unnamed-3-18x4.png 18w\" sizes=\"(max-width: 249px) 100vw, 249px\" \/>\t\t\t\t\t\t\t\t<\/a>\n\t\t\t\t\t\t\t\t\t\t\t\t\t\t\t<\/div>\n\t\t\t\t<\/div>\n\t\t\t\t\t<\/div>\n\t\t<\/div>\n\t\t\t\t<div class=\"elementor-column elementor-col-33 elementor-top-column elementor-element elementor-element-276361f\" data-id=\"276361f\" data-element_type=\"column\">\n\t\t\t<div class=\"elementor-widget-wrap elementor-element-populated\">\n\t\t\t\t\t\t<div class=\"elementor-element elementor-element-66c36f0 elementor-widget elementor-widget-image\" data-id=\"66c36f0\" data-element_type=\"widget\" data-widget_type=\"image.default\">\n\t\t\t\t<div class=\"elementor-widget-container\">\n\t\t\t\t\t\t\t\t\t\t\t\t\t\t\t\t<a href=\"https:\/\/www.litgrid.eu\/\" target=\"_blank\">\n\t\t\t\t\t\t\t<img loading=\"lazy\" decoding=\"async\" width=\"226\" height=\"83\" src=\"https:\/\/offshorewind.lt\/wp-content\/uploads\/2022\/09\/unnamed-4.png\" class=\"attachment-large size-large wp-image-1194\" alt=\"\" srcset=\"https:\/\/offshorewind.lt\/wp-content\/uploads\/2022\/09\/unnamed-4.png 226w, https:\/\/offshorewind.lt\/wp-content\/uploads\/2022\/09\/unnamed-4-18x7.png 18w\" sizes=\"(max-width: 226px) 100vw, 226px\" \/>\t\t\t\t\t\t\t\t<\/a>\n\t\t\t\t\t\t\t\t\t\t\t\t\t\t\t<\/div>\n\t\t\t\t<\/div>\n\t\t\t\t\t<\/div>\n\t\t<\/div>\n\t\t\t\t<div class=\"elementor-column elementor-col-33 elementor-top-column elementor-element elementor-element-a36d200\" data-id=\"a36d200\" data-element_type=\"column\">\n\t\t\t<div class=\"elementor-widget-wrap elementor-element-populated\">\n\t\t\t\t\t\t<div class=\"elementor-element elementor-element-4011550 elementor-widget elementor-widget-heading\" data-id=\"4011550\" data-element_type=\"widget\" data-widget_type=\"heading.default\">\n\t\t\t\t<div class=\"elementor-widget-container\">\n\t\t\t\t\t<h2 class=\"elementor-heading-title elementor-size-default\">i\u0161 dalies finansuoja<\/h2>\t\t\t\t<\/div>\n\t\t\t\t<\/div>\n\t\t\t\t<div class=\"elementor-element elementor-element-13d13be elementor-widget elementor-widget-image\" data-id=\"13d13be\" data-element_type=\"widget\" data-widget_type=\"image.default\">\n\t\t\t\t<div class=\"elementor-widget-container\">\n\t\t\t\t\t\t\t\t\t\t\t\t\t\t\t\t<a href=\"https:\/\/ec.europa.eu\/info\/index_lt\" target=\"_blank\">\n\t\t\t\t\t\t\t<img loading=\"lazy\" decoding=\"async\" width=\"512\" height=\"356\" src=\"https:\/\/offshorewind.lt\/wp-content\/uploads\/2022\/09\/unnamed.jpg\" class=\"attachment-large size-large wp-image-1187\" alt=\"\" srcset=\"https:\/\/offshorewind.lt\/wp-content\/uploads\/2022\/09\/unnamed.jpg 512w, https:\/\/offshorewind.lt\/wp-content\/uploads\/2022\/09\/unnamed-300x209.jpg 300w, https:\/\/offshorewind.lt\/wp-content\/uploads\/2022\/09\/unnamed-18x12.jpg 18w\" sizes=\"(max-width: 512px) 100vw, 512px\" \/>\t\t\t\t\t\t\t\t<\/a>\n\t\t\t\t\t\t\t\t\t\t\t\t\t\t\t<\/div>\n\t\t\t\t<\/div>\n\t\t\t\t\t<\/div>\n\t\t<\/div>\n\t\t\t\t\t<\/div>\n\t\t<\/section>\n\t\t\t\t<\/div>\n\t\t<\/p>                    <\/div>\n\t\t        \n                    <div id=\"jrinio-vjo-elektrini-park-prijungimas-tab\" class=\"clearfix eael-tab-content-item inactive\" data-title-link=\"jrinio-vjo-elektrini-park-prijungimas-tab\">\n\t\t\t\t        <h3>J\u016brinio v\u0117jo elektrini\u0173 park\u0173 prijungimas<\/h3><p>J\u016brinio v\u0117jo elektrini\u0173 park\u0173 prijungimas planuojamas sausumoje &#8211; Darb\u0117n\u0173 pastot\u0117je.<\/p><p>Konkretizuotos in\u017einerin\u0117s infrastrukt\u016bros koridori\u0173 trasos bus suplanuotos rengiamo \u201eTeritorij\u0173, reikaling\u0173 prijungti atsinaujinan\u010dius energijos i\u0161teklius naudojan\u010dias elektrines, planuojamas pl\u0117toti j\u016brin\u0117s teritorijos dalyje (dalyse), prie elektros perdavimo tinkl\u0173, parengimo in\u017einerin\u0117s infrastrukt\u016bros pl\u0117trai\u201d vystymo plano (toliau \u2013 in\u017einerin\u0117s infrastrukt\u016bros vystymo planas) sprendiniais.<\/p><p>In\u017einerin\u0117s infrastrukt\u016bros vystymo plano rengimas jau baigiamojoje stadijoje, jo koncepcijos rengimo metu i\u0161nagrin\u0117tos skirtingos dviej\u0173 j\u016brinio v\u0117jo elektrini\u0173 park\u0173 prijungimo alternatyvos, atliktas j\u0173 strateginis pasekmi\u0173 aplinkai vertinimas, organizuotos tarpvalstybin\u0117s konsultacijos ir diskusijos su u\u017e aplinkos apsaug\u0105 atsakingomis valstyb\u0117s institucijomis bei visuomene.<\/p><p>Pasirinktos in\u017einerin\u0117s infrastrukt\u016bros koridori\u0173 trasos aplinkosauginiu po\u017ei\u016briu vertintos palankiausiai. J\u0173 \u012fgyvendinimo metu u\u017etikrinama, kad nebus ardomos paj\u016brio kopos, nebus daroma \u012ftaka j\u016broje \u017eiemojantiems pauk\u0161\u010diams ir povandenin\u0117ms organizm\u0173 buvein\u0117ms. Visa sausumoje planuojama infrastrukt\u016bra numatoma \u012frengti po \u017eeme, siekiant u\u017etikrinti minimali\u0105 \u012ftak\u0105 \u017emoni\u0173 turtui ir planuojamai \u016bkinei veiklai.<\/p><p><img loading=\"lazy\" decoding=\"async\" class=\"alignnone size-full wp-image-5225\" src=\"https:\/\/offshorewind.lt\/wp-content\/uploads\/2025\/06\/Picture1.png\" alt=\"\" width=\"502\" height=\"355\" srcset=\"https:\/\/offshorewind.lt\/wp-content\/uploads\/2025\/06\/Picture1.png 502w, https:\/\/offshorewind.lt\/wp-content\/uploads\/2025\/06\/Picture1-300x212.png 300w, https:\/\/offshorewind.lt\/wp-content\/uploads\/2025\/06\/Picture1-18x12.png 18w\" sizes=\"(max-width: 502px) 100vw, 502px\" \/><\/p>                    <\/div>\n\t\t                    <\/div>\n        <\/div>\n\t\t\t\t<\/div>\n\t\t\t\t<\/div>\n\t\t\t\t\t<\/div>\n\t\t<\/div>\n\t\t\t\t\t<\/div>\n\t\t<\/section>\n\t\t\t\t<\/div>\n\t\t","protected":false},"excerpt":{"rendered":"<p>Apie projektUS J\u016brinio v\u0117jo parkai Baltijos j\u016broje Kuriama vert\u0117 paj\u016brio regione Projekt\u0173 vieta Atsakingos institucijos J\u016brinio v\u0117jo elektrini\u0173 park\u0173 prijungimas J\u016brinio v\u0117jo parkai Baltijos j\u016broje J\u016brinio v\u0117jo parkai Lietuvoje \u2013 vieni i\u0161 svarbiausi\u0173 \u0161alies energetin\u0117s nepriklausomyb\u0117s projekt\u0173. Jie itin padidins elektros i\u0161 atsinaujinan\u010di\u0173 energijos i\u0161tekli\u0173 gamyb\u0105 ir taip suma\u017eins Lietuvos priklausomyb\u0119 nuo elektros importo bei [&hellip;]<\/p>\n","protected":false},"author":1,"featured_media":0,"parent":0,"menu_order":0,"comment_status":"closed","ping_status":"closed","template":"","meta":{"footnotes":""},"class_list":["post-40","page","type-page","status-publish","hentry"],"_links":{"self":[{"href":"https:\/\/offshorewind.lt\/lt\/wp-json\/wp\/v2\/pages\/40","targetHints":{"allow":["GET"]}}],"collection":[{"href":"https:\/\/offshorewind.lt\/lt\/wp-json\/wp\/v2\/pages"}],"about":[{"href":"https:\/\/offshorewind.lt\/lt\/wp-json\/wp\/v2\/types\/page"}],"author":[{"embeddable":true,"href":"https:\/\/offshorewind.lt\/lt\/wp-json\/wp\/v2\/users\/1"}],"replies":[{"embeddable":true,"href":"https:\/\/offshorewind.lt\/lt\/wp-json\/wp\/v2\/comments?post=40"}],"version-history":[{"count":485,"href":"https:\/\/offshorewind.lt\/lt\/wp-json\/wp\/v2\/pages\/40\/revisions"}],"predecessor-version":[{"id":5344,"href":"https:\/\/offshorewind.lt\/lt\/wp-json\/wp\/v2\/pages\/40\/revisions\/5344"}],"wp:attachment":[{"href":"https:\/\/offshorewind.lt\/lt\/wp-json\/wp\/v2\/media?parent=40"}],"curies":[{"name":"wp","href":"https:\/\/api.w.org\/{rel}","templated":true}]}}