{"id":264,"date":"2022-09-20T07:11:35","date_gmt":"2022-09-20T07:11:35","guid":{"rendered":"https:\/\/offshorewind.lt\/?page_id=264"},"modified":"2024-01-09T09:59:35","modified_gmt":"2024-01-09T06:59:35","slug":"naujienos","status":"publish","type":"page","link":"https:\/\/offshorewind.lt\/lt\/naujienos\/","title":{"rendered":"Naujienos"},"content":{"rendered":"\t\t<div data-elementor-type=\"wp-page\" data-elementor-id=\"264\" class=\"elementor elementor-264\" data-elementor-post-type=\"page\">\n\t\t\t\t\t\t<section data-particle_enable=\"false\" data-particle-mobile-disabled=\"false\" class=\"elementor-section elementor-top-section elementor-element elementor-element-534a674c elementor-section-boxed elementor-section-height-default elementor-section-height-default\" data-id=\"534a674c\" data-element_type=\"section\">\n\t\t\t\t\t\t<div class=\"elementor-container elementor-column-gap-default\">\n\t\t\t\t\t<div class=\"elementor-column elementor-col-100 elementor-top-column elementor-element elementor-element-1c8dfd8\" data-id=\"1c8dfd8\" data-element_type=\"column\">\n\t\t\t<div class=\"elementor-widget-wrap elementor-element-populated\">\n\t\t\t\t\t\t<div class=\"elementor-element elementor-element-6483403 elementor-widget elementor-widget-heading\" data-id=\"6483403\" data-element_type=\"widget\" data-widget_type=\"heading.default\">\n\t\t\t\t<div class=\"elementor-widget-container\">\n\t\t\t\t\t<h2 class=\"elementor-heading-title elementor-size-default\">Naujienos<\/h2>\t\t\t\t<\/div>\n\t\t\t\t<\/div>\n\t\t\t\t<div class=\"elementor-element elementor-element-f4ece7e e-transform elementor-grid-3 elementor-grid-tablet-2 elementor-grid-mobile-1 elementor-posts--thumbnail-top elementor-widget elementor-widget-posts\" data-id=\"f4ece7e\" data-element_type=\"widget\" data-settings=\"{&quot;pagination_type&quot;:&quot;numbers&quot;,&quot;classic_columns&quot;:&quot;3&quot;,&quot;classic_columns_tablet&quot;:&quot;2&quot;,&quot;classic_columns_mobile&quot;:&quot;1&quot;,&quot;classic_row_gap&quot;:{&quot;unit&quot;:&quot;px&quot;,&quot;size&quot;:35,&quot;sizes&quot;:[]},&quot;classic_row_gap_tablet&quot;:{&quot;unit&quot;:&quot;px&quot;,&quot;size&quot;:&quot;&quot;,&quot;sizes&quot;:[]},&quot;classic_row_gap_mobile&quot;:{&quot;unit&quot;:&quot;px&quot;,&quot;size&quot;:&quot;&quot;,&quot;sizes&quot;:[]},&quot;_transform_translateX_effect_hover&quot;:{&quot;unit&quot;:&quot;px&quot;,&quot;size&quot;:&quot;&quot;,&quot;sizes&quot;:[]},&quot;_transform_translateX_effect_hover_tablet&quot;:{&quot;unit&quot;:&quot;px&quot;,&quot;size&quot;:&quot;&quot;,&quot;sizes&quot;:[]},&quot;_transform_translateX_effect_hover_mobile&quot;:{&quot;unit&quot;:&quot;px&quot;,&quot;size&quot;:&quot;&quot;,&quot;sizes&quot;:[]},&quot;_transform_translateY_effect_hover&quot;:{&quot;unit&quot;:&quot;px&quot;,&quot;size&quot;:&quot;&quot;,&quot;sizes&quot;:[]},&quot;_transform_translateY_effect_hover_tablet&quot;:{&quot;unit&quot;:&quot;px&quot;,&quot;size&quot;:&quot;&quot;,&quot;sizes&quot;:[]},&quot;_transform_translateY_effect_hover_mobile&quot;:{&quot;unit&quot;:&quot;px&quot;,&quot;size&quot;:&quot;&quot;,&quot;sizes&quot;:[]}}\" data-widget_type=\"posts.classic\">\n\t\t\t\t<div class=\"elementor-widget-container\">\n\t\t\t\t\t\t\t<div class=\"elementor-posts-container elementor-posts elementor-posts--skin-classic elementor-grid\" role=\"list\">\n\t\t\t\t<article class=\"elementor-post elementor-grid-item post-5376 post type-post status-publish format-standard has-post-thumbnail hentry category-21\" role=\"listitem\">\n\t\t\t\t<a class=\"elementor-post__thumbnail__link\" href=\"https:\/\/offshorewind.lt\/lt\/antrasis-jurinio-vejo-parko-pletros-konkursas-neivyko\/\" tabindex=\"-1\" >\n\t\t\t<div class=\"elementor-post__thumbnail\"><img fetchpriority=\"high\" decoding=\"async\" width=\"768\" height=\"483\" src=\"https:\/\/offshorewind.lt\/wp-content\/uploads\/2023\/10\/offshorewind-768x483.jpg\" class=\"attachment-medium_large size-medium_large wp-image-4338\" alt=\"\" srcset=\"https:\/\/offshorewind.lt\/wp-content\/uploads\/2023\/10\/offshorewind-768x483.jpg 768w, https:\/\/offshorewind.lt\/wp-content\/uploads\/2023\/10\/offshorewind-300x189.jpg 300w, https:\/\/offshorewind.lt\/wp-content\/uploads\/2023\/10\/offshorewind-18x12.jpg 18w, https:\/\/offshorewind.lt\/wp-content\/uploads\/2023\/10\/offshorewind.jpg 852w\" sizes=\"(max-width: 768px) 100vw, 768px\" \/><\/div>\n\t\t<\/a>\n\t\t\t\t<div class=\"elementor-post__text\">\n\t\t\t\t<h3 class=\"elementor-post__title\">\n\t\t\t<a href=\"https:\/\/offshorewind.lt\/lt\/antrasis-jurinio-vejo-parko-pletros-konkursas-neivyko\/\" >\n\t\t\t\tAntrasis j\u016brinio v\u0117jo parko pl\u0117tros konkursas ne\u012fvyko\u00a0\t\t\t<\/a>\n\t\t<\/h3>\n\t\t\t\t<div class=\"elementor-post__meta-data\">\n\t\t\t\t\t<span class=\"elementor-post-date\">\n\t\t\t2025-10-08\t\t<\/span>\n\t\t\t\t<\/div>\n\t\t\t\t<\/div>\n\t\t\t\t<\/article>\n\t\t\t\t<article class=\"elementor-post elementor-grid-item post-5370 post type-post status-publish format-standard has-post-thumbnail hentry category-21\" role=\"listitem\">\n\t\t\t\t<a class=\"elementor-post__thumbnail__link\" href=\"https:\/\/offshorewind.lt\/lt\/vert-atnaujino-antrojo-jurinio-vejo-parko-vystymo-konkurso-proceduras\/\" tabindex=\"-1\" >\n\t\t\t<div class=\"elementor-post__thumbnail\"><img decoding=\"async\" width=\"768\" height=\"483\" src=\"https:\/\/offshorewind.lt\/wp-content\/uploads\/2023\/11\/JVP-23-768x483.png\" class=\"attachment-medium_large size-medium_large wp-image-4438\" alt=\"\" srcset=\"https:\/\/offshorewind.lt\/wp-content\/uploads\/2023\/11\/JVP-23-768x483.png 768w, https:\/\/offshorewind.lt\/wp-content\/uploads\/2023\/11\/JVP-23-300x189.png 300w, https:\/\/offshorewind.lt\/wp-content\/uploads\/2023\/11\/JVP-23-18x12.png 18w, https:\/\/offshorewind.lt\/wp-content\/uploads\/2023\/11\/JVP-23.png 852w\" sizes=\"(max-width: 768px) 100vw, 768px\" \/><\/div>\n\t\t<\/a>\n\t\t\t\t<div class=\"elementor-post__text\">\n\t\t\t\t<h3 class=\"elementor-post__title\">\n\t\t\t<a href=\"https:\/\/offshorewind.lt\/lt\/vert-atnaujino-antrojo-jurinio-vejo-parko-vystymo-konkurso-proceduras\/\" >\n\t\t\t\tVERT atnaujino antrojo j\u016brinio v\u0117jo parko vystymo konkurso proced\u016bras\t\t\t<\/a>\n\t\t<\/h3>\n\t\t\t\t<div class=\"elementor-post__meta-data\">\n\t\t\t\t\t<span class=\"elementor-post-date\">\n\t\t\t2025-10-06\t\t<\/span>\n\t\t\t\t<\/div>\n\t\t\t\t<\/div>\n\t\t\t\t<\/article>\n\t\t\t\t<article class=\"elementor-post elementor-grid-item post-5363 post type-post status-publish format-standard has-post-thumbnail hentry category-21\" role=\"listitem\">\n\t\t\t\t<a class=\"elementor-post__thumbnail__link\" href=\"https:\/\/offshorewind.lt\/lt\/vert-laikinai-sustabde-antrojo-jurinio-vejo-parko-vystymo-konkurso-proceduras\/\" tabindex=\"-1\" >\n\t\t\t<div class=\"elementor-post__thumbnail\"><img decoding=\"async\" width=\"768\" height=\"512\" src=\"https:\/\/offshorewind.lt\/wp-content\/uploads\/2025\/09\/nicholas-doherty-UMgb7Z2Yi3E-unsplash-768x512.jpg\" class=\"attachment-medium_large size-medium_large wp-image-5364\" alt=\"\" srcset=\"https:\/\/offshorewind.lt\/wp-content\/uploads\/2025\/09\/nicholas-doherty-UMgb7Z2Yi3E-unsplash-768x512.jpg 768w, https:\/\/offshorewind.lt\/wp-content\/uploads\/2025\/09\/nicholas-doherty-UMgb7Z2Yi3E-unsplash-300x200.jpg 300w, https:\/\/offshorewind.lt\/wp-content\/uploads\/2025\/09\/nicholas-doherty-UMgb7Z2Yi3E-unsplash-1024x683.jpg 1024w, https:\/\/offshorewind.lt\/wp-content\/uploads\/2025\/09\/nicholas-doherty-UMgb7Z2Yi3E-unsplash-1536x1024.jpg 1536w, https:\/\/offshorewind.lt\/wp-content\/uploads\/2025\/09\/nicholas-doherty-UMgb7Z2Yi3E-unsplash-2048x1366.jpg 2048w, https:\/\/offshorewind.lt\/wp-content\/uploads\/2025\/09\/nicholas-doherty-UMgb7Z2Yi3E-unsplash-18x12.jpg 18w\" sizes=\"(max-width: 768px) 100vw, 768px\" \/><\/div>\n\t\t<\/a>\n\t\t\t\t<div class=\"elementor-post__text\">\n\t\t\t\t<h3 class=\"elementor-post__title\">\n\t\t\t<a href=\"https:\/\/offshorewind.lt\/lt\/vert-laikinai-sustabde-antrojo-jurinio-vejo-parko-vystymo-konkurso-proceduras\/\" >\n\t\t\t\tVERT laikinai sustabd\u0117 antrojo j\u016brinio v\u0117jo parko vystymo konkurso proced\u016bras\t\t\t<\/a>\n\t\t<\/h3>\n\t\t\t\t<div class=\"elementor-post__meta-data\">\n\t\t\t\t\t<span class=\"elementor-post-date\">\n\t\t\t2025-09-08\t\t<\/span>\n\t\t\t\t<\/div>\n\t\t\t\t<\/div>\n\t\t\t\t<\/article>\n\t\t\t\t<article class=\"elementor-post elementor-grid-item post-5358 post type-post status-publish format-standard has-post-thumbnail hentry category-21\" role=\"listitem\">\n\t\t\t\t<a class=\"elementor-post__thumbnail__link\" href=\"https:\/\/offshorewind.lt\/lt\/vyriausybe-pritare-energetikos-ministerijos-siulymams-del-ilgesnio-termino-antrojo-jurinio-vejo-elektriniu-parko-konkurse-iki-spalio-7-d\/\" tabindex=\"-1\" >\n\t\t\t<div class=\"elementor-post__thumbnail\"><img loading=\"lazy\" decoding=\"async\" width=\"768\" height=\"512\" src=\"https:\/\/offshorewind.lt\/wp-content\/uploads\/2025\/06\/offshore-06-09-768x512.png\" class=\"attachment-medium_large size-medium_large wp-image-5305\" alt=\"\" srcset=\"https:\/\/offshorewind.lt\/wp-content\/uploads\/2025\/06\/offshore-06-09-768x512.png 768w, https:\/\/offshorewind.lt\/wp-content\/uploads\/2025\/06\/offshore-06-09-300x200.png 300w, https:\/\/offshorewind.lt\/wp-content\/uploads\/2025\/06\/offshore-06-09-1024x683.png 1024w, https:\/\/offshorewind.lt\/wp-content\/uploads\/2025\/06\/offshore-06-09-1536x1024.png 1536w, https:\/\/offshorewind.lt\/wp-content\/uploads\/2025\/06\/offshore-06-09-2048x1365.png 2048w, https:\/\/offshorewind.lt\/wp-content\/uploads\/2025\/06\/offshore-06-09-18x12.png 18w\" sizes=\"(max-width: 768px) 100vw, 768px\" \/><\/div>\n\t\t<\/a>\n\t\t\t\t<div class=\"elementor-post__text\">\n\t\t\t\t<h3 class=\"elementor-post__title\">\n\t\t\t<a href=\"https:\/\/offshorewind.lt\/lt\/vyriausybe-pritare-energetikos-ministerijos-siulymams-del-ilgesnio-termino-antrojo-jurinio-vejo-elektriniu-parko-konkurse-iki-spalio-7-d\/\" >\n\t\t\t\tVyriausyb\u0117 pritar\u0117 Energetikos ministerijos si\u016blymams d\u0117l ilgesnio termino antrojo j\u016brinio v\u0117jo elektrini\u0173 parko konkurse \u2013 iki spalio 7 d.\t\t\t<\/a>\n\t\t<\/h3>\n\t\t\t\t<div class=\"elementor-post__meta-data\">\n\t\t\t\t\t<span class=\"elementor-post-date\">\n\t\t\t2025-09-05\t\t<\/span>\n\t\t\t\t<\/div>\n\t\t\t\t<\/div>\n\t\t\t\t<\/article>\n\t\t\t\t<article class=\"elementor-post elementor-grid-item post-5351 post type-post status-publish format-standard has-post-thumbnail hentry category-21\" role=\"listitem\">\n\t\t\t\t<a class=\"elementor-post__thumbnail__link\" href=\"https:\/\/offshorewind.lt\/lt\/vert-liko-60-dienu-pateikti-dokumentus-del-dalyvavimo-jurinio-vejo-parko-konkurse\/\" tabindex=\"-1\" >\n\t\t\t<div class=\"elementor-post__thumbnail\"><img loading=\"lazy\" decoding=\"async\" width=\"768\" height=\"512\" src=\"https:\/\/offshorewind.lt\/wp-content\/uploads\/2025\/07\/brigitta-schneiter-cWUj5FrVxGM-unsplash-768x512.jpg\" class=\"attachment-medium_large size-medium_large wp-image-5352\" alt=\"\" srcset=\"https:\/\/offshorewind.lt\/wp-content\/uploads\/2025\/07\/brigitta-schneiter-cWUj5FrVxGM-unsplash-768x512.jpg 768w, https:\/\/offshorewind.lt\/wp-content\/uploads\/2025\/07\/brigitta-schneiter-cWUj5FrVxGM-unsplash-300x200.jpg 300w, https:\/\/offshorewind.lt\/wp-content\/uploads\/2025\/07\/brigitta-schneiter-cWUj5FrVxGM-unsplash-1024x683.jpg 1024w, https:\/\/offshorewind.lt\/wp-content\/uploads\/2025\/07\/brigitta-schneiter-cWUj5FrVxGM-unsplash-1536x1024.jpg 1536w, https:\/\/offshorewind.lt\/wp-content\/uploads\/2025\/07\/brigitta-schneiter-cWUj5FrVxGM-unsplash-2048x1365.jpg 2048w, https:\/\/offshorewind.lt\/wp-content\/uploads\/2025\/07\/brigitta-schneiter-cWUj5FrVxGM-unsplash-18x12.jpg 18w\" sizes=\"(max-width: 768px) 100vw, 768px\" \/><\/div>\n\t\t<\/a>\n\t\t\t\t<div class=\"elementor-post__text\">\n\t\t\t\t<h3 class=\"elementor-post__title\">\n\t\t\t<a href=\"https:\/\/offshorewind.lt\/lt\/vert-liko-60-dienu-pateikti-dokumentus-del-dalyvavimo-jurinio-vejo-parko-konkurse\/\" >\n\t\t\t\tVERT: liko 60 dien\u0173 pateikti dokumentus d\u0117l dalyvavimo j\u016brinio v\u0117jo parko konkurse\t\t\t<\/a>\n\t\t<\/h3>\n\t\t\t\t<div class=\"elementor-post__meta-data\">\n\t\t\t\t\t<span class=\"elementor-post-date\">\n\t\t\t2025-07-10\t\t<\/span>\n\t\t\t\t<\/div>\n\t\t\t\t<\/div>\n\t\t\t\t<\/article>\n\t\t\t\t<article class=\"elementor-post elementor-grid-item post-5330 post type-post status-publish format-standard has-post-thumbnail hentry category-21\" role=\"listitem\">\n\t\t\t\t<a class=\"elementor-post__thumbnail__link\" href=\"https:\/\/offshorewind.lt\/lt\/vert-skelbia-atnaujinta-jurinio-vejo-parko-pletros-konkursa\/\" tabindex=\"-1\" >\n\t\t\t<div class=\"elementor-post__thumbnail\"><img loading=\"lazy\" decoding=\"async\" width=\"768\" height=\"483\" src=\"https:\/\/offshorewind.lt\/wp-content\/uploads\/2023\/02\/offshrewind-768x483.png\" class=\"attachment-medium_large size-medium_large wp-image-3479\" alt=\"\" srcset=\"https:\/\/offshorewind.lt\/wp-content\/uploads\/2023\/02\/offshrewind-768x483.png 768w, https:\/\/offshorewind.lt\/wp-content\/uploads\/2023\/02\/offshrewind-300x189.png 300w, https:\/\/offshorewind.lt\/wp-content\/uploads\/2023\/02\/offshrewind-18x12.png 18w, https:\/\/offshorewind.lt\/wp-content\/uploads\/2023\/02\/offshrewind.png 852w\" sizes=\"(max-width: 768px) 100vw, 768px\" \/><\/div>\n\t\t<\/a>\n\t\t\t\t<div class=\"elementor-post__text\">\n\t\t\t\t<h3 class=\"elementor-post__title\">\n\t\t\t<a href=\"https:\/\/offshorewind.lt\/lt\/vert-skelbia-atnaujinta-jurinio-vejo-parko-pletros-konkursa\/\" >\n\t\t\t\tVERT skelbia atnaujint\u0105 j\u016brinio v\u0117jo parko pl\u0117tros konkurs\u0105\t\t\t<\/a>\n\t\t<\/h3>\n\t\t\t\t<div class=\"elementor-post__meta-data\">\n\t\t\t\t\t<span class=\"elementor-post-date\">\n\t\t\t2025-06-09\t\t<\/span>\n\t\t\t\t<\/div>\n\t\t\t\t<\/div>\n\t\t\t\t<\/article>\n\t\t\t\t<\/div>\n\t\t\n\t\t\t\t<div class=\"e-load-more-anchor\" data-page=\"1\" data-max-page=\"13\" data-next-page=\"https:\/\/offshorewind.lt\/lt\/wp-json\/wp\/v2\/pages\/264\/page\/2\/\"><\/div>\n\t\t\t\t<nav class=\"elementor-pagination\" aria-label=\"Pagination\">\n\t\t\t<span aria-current=\"page\" class=\"page-numbers current\"><span class=\"elementor-screen-only\">Page<\/span>1<\/span>\n<a class=\"page-numbers\" href=\"https:\/\/offshorewind.lt\/lt\/wp-json\/wp\/v2\/pages\/264\/page\/2\/\"><span class=\"elementor-screen-only\">Page<\/span>2<\/a>\n<a class=\"page-numbers\" href=\"https:\/\/offshorewind.lt\/lt\/wp-json\/wp\/v2\/pages\/264\/page\/3\/\"><span class=\"elementor-screen-only\">Page<\/span>3<\/a>\n<a class=\"page-numbers\" href=\"https:\/\/offshorewind.lt\/lt\/wp-json\/wp\/v2\/pages\/264\/page\/4\/\"><span class=\"elementor-screen-only\">Page<\/span>4<\/a>\n<a class=\"page-numbers\" href=\"https:\/\/offshorewind.lt\/lt\/wp-json\/wp\/v2\/pages\/264\/page\/5\/\"><span class=\"elementor-screen-only\">Page<\/span>5<\/a>\n<a class=\"page-numbers\" href=\"https:\/\/offshorewind.lt\/lt\/wp-json\/wp\/v2\/pages\/264\/page\/6\/\"><span class=\"elementor-screen-only\">Page<\/span>6<\/a>\n<a class=\"page-numbers\" href=\"https:\/\/offshorewind.lt\/lt\/wp-json\/wp\/v2\/pages\/264\/page\/7\/\"><span class=\"elementor-screen-only\">Page<\/span>7<\/a>\n<a class=\"page-numbers\" href=\"https:\/\/offshorewind.lt\/lt\/wp-json\/wp\/v2\/pages\/264\/page\/8\/\"><span class=\"elementor-screen-only\">Page<\/span>8<\/a>\n<a class=\"page-numbers\" href=\"https:\/\/offshorewind.lt\/lt\/wp-json\/wp\/v2\/pages\/264\/page\/9\/\"><span class=\"elementor-screen-only\">Page<\/span>9<\/a>\n<a class=\"page-numbers\" href=\"https:\/\/offshorewind.lt\/lt\/wp-json\/wp\/v2\/pages\/264\/page\/10\/\"><span class=\"elementor-screen-only\">Page<\/span>10<\/a>\t\t<\/nav>\n\t\t\t\t\t\t<\/div>\n\t\t\t\t<\/div>\n\t\t\t\t\t<\/div>\n\t\t<\/div>\n\t\t\t\t\t<\/div>\n\t\t<\/section>\n\t\t\t\t<\/div>\n\t\t","protected":false},"excerpt":{"rendered":"<p>Naujienos<\/p>\n","protected":false},"author":1,"featured_media":0,"parent":0,"menu_order":0,"comment_status":"closed","ping_status":"closed","template":"","meta":{"footnotes":""},"class_list":["post-264","page","type-page","status-publish","hentry"],"_links":{"self":[{"href":"https:\/\/offshorewind.lt\/lt\/wp-json\/wp\/v2\/pages\/264","targetHints":{"allow":["GET"]}}],"collection":[{"href":"https:\/\/offshorewind.lt\/lt\/wp-json\/wp\/v2\/pages"}],"about":[{"href":"https:\/\/offshorewind.lt\/lt\/wp-json\/wp\/v2\/types\/page"}],"author":[{"embeddable":true,"href":"https:\/\/offshorewind.lt\/lt\/wp-json\/wp\/v2\/users\/1"}],"replies":[{"embeddable":true,"href":"https:\/\/offshorewind.lt\/lt\/wp-json\/wp\/v2\/comments?post=264"}],"version-history":[{"count":25,"href":"https:\/\/offshorewind.lt\/lt\/wp-json\/wp\/v2\/pages\/264\/revisions"}],"predecessor-version":[{"id":4551,"href":"https:\/\/offshorewind.lt\/lt\/wp-json\/wp\/v2\/pages\/264\/revisions\/4551"}],"wp:attachment":[{"href":"https:\/\/offshorewind.lt\/lt\/wp-json\/wp\/v2\/media?parent=264"}],"curies":[{"name":"wp","href":"https:\/\/api.w.org\/{rel}","templated":true}]}}