{"id":531,"date":"2022-09-22T11:05:28","date_gmt":"2022-09-22T11:05:28","guid":{"rendered":"https:\/\/offshorewind.lt\/?page_id=531"},"modified":"2024-10-07T14:20:14","modified_gmt":"2024-10-07T11:20:14","slug":"teisine-aplinka","status":"publish","type":"page","link":"https:\/\/offshorewind.lt\/en\/teisine-aplinka\/","title":{"rendered":"Legal"},"content":{"rendered":"<div data-elementor-type=\"wp-page\" data-elementor-id=\"531\" class=\"elementor elementor-531\" data-elementor-post-type=\"page\">\n\t\t\t\t\t\t<section data-particle_enable=\"false\" data-particle-mobile-disabled=\"false\" class=\"elementor-section elementor-top-section elementor-element elementor-element-57c73e5 elementor-section-height-min-height elementor-section-items-stretch elementor-section-boxed elementor-section-height-default\" data-id=\"57c73e5\" data-element_type=\"section\" data-settings=\"{&quot;background_background&quot;:&quot;classic&quot;}\">\n\t\t\t\t\t\t<div class=\"elementor-container elementor-column-gap-default\">\n\t\t\t\t\t<div class=\"elementor-column elementor-col-100 elementor-top-column elementor-element elementor-element-366e1fe8\" data-id=\"366e1fe8\" data-element_type=\"column\">\n\t\t\t<div class=\"elementor-widget-wrap elementor-element-populated\">\n\t\t\t\t\t\t<div class=\"elementor-element elementor-element-79c2605a elementor-widget elementor-widget-heading\" data-id=\"79c2605a\" data-element_type=\"widget\" data-widget_type=\"heading.default\">\n\t\t\t\t<div class=\"elementor-widget-container\">\n\t\t\t\t\t<h2 class=\"elementor-heading-title elementor-size-default\">Legal<\/h2>\t\t\t\t<\/div>\n\t\t\t\t<\/div>\n\t\t\t\t\t<\/div>\n\t\t<\/div>\n\t\t\t\t\t<\/div>\n\t\t<\/section>\n\t\t\t\t<section data-particle_enable=\"false\" data-particle-mobile-disabled=\"false\" class=\"elementor-section elementor-top-section elementor-element elementor-element-aa4ef8a elementor-section-boxed elementor-section-height-default elementor-section-height-default\" data-id=\"aa4ef8a\" data-element_type=\"section\">\n\t\t\t\t\t\t<div class=\"elementor-container elementor-column-gap-default\">\n\t\t\t\t\t<div class=\"elementor-column elementor-col-100 elementor-top-column elementor-element elementor-element-72bd68d\" data-id=\"72bd68d\" data-element_type=\"column\">\n\t\t\t<div class=\"elementor-widget-wrap elementor-element-populated\">\n\t\t\t\t\t\t<div class=\"elementor-element elementor-element-7fb619d elementor-widget elementor-widget-eael-adv-tabs\" data-id=\"7fb619d\" data-element_type=\"widget\" data-widget_type=\"eael-adv-tabs.default\">\n\t\t\t\t<div class=\"elementor-widget-container\">\n\t\t\t\t\t        <div data-scroll-on-click=\"no\" data-scroll-speed=\"300\" id=\"eael-advance-tabs-7fb619d\" class=\"eael-advance-tabs eael-tabs-vertical eael-tab-auto-active  active-caret-on\" data-tabid=\"7fb619d\">\n            <div class=\"eael-tabs-nav\">\n                <ul class=\"eael-tab-inline-icon\" role=\"tablist\">\n                                            <li id=\"svarbiausi-teiss-aktai-\" class=\"inactive eael-tab-item-trigger eael-tab-nav-item\" aria-selected=\"true\" data-tab=\"1\" role=\"tab\" tabindex=\"0\" aria-controls=\"svarbiausi-teiss-aktai--tab\" aria-expanded=\"false\">\n                            \n                                                                <i class=\"fas fa-home\"><\/i>                                                            \n                                                            <span class=\"eael-tab-title title-after-icon\" >Important legal acts <\/span>                            \n                                                    <\/li>\n                                    <\/ul>\n            <\/div>\n            \n            <div class=\"eael-tabs-content\">\n\t\t        \n                    <div id=\"svarbiausi-teiss-aktai--tab\" class=\"clearfix eael-tab-content-item inactive\" data-title-link=\"svarbiausi-teiss-aktai--tab\">\n\t\t\t\t        <h3>Important legal acts<\/h3><ul><li><span style=\"font-weight: 400;\">National Energy Independence <\/span><a href=\"https:\/\/www.e-tar.lt\/portal\/lt\/legalAct\/TAR.E151BC09AE62\/rnghrymbUK\" target=\"_blank\" rel=\"noopener\"><span style=\"font-weight: 400;\">Strategy<\/span><\/a><\/li><\/ul><ul><li>Law on Electricity <a href=\"https:\/\/e-seimas.lrs.lt\/portal\/legalAct\/lt\/TAD\/TAIS.106350\/dkeWuyIkFp?jfwid=1hjcabhnu\">Legal Act<\/a><\/li><li>Energy Law <a href=\"https:\/\/e-seimas.lrs.lt\/portal\/legalAct\/lt\/TAD\/TAIS.167899\/asr\">Legal Act<\/a><\/li><li><span style=\"font-weight: 400;\">Territorial Planning Law <\/span><a href=\"https:\/\/www.e-tar.lt\/portal\/legalAct.html?documentId=TAR.26B563184529\" target=\"_blank\" rel=\"noopener\"><span style=\"font-weight: 400;\">Legal Act<\/span><\/a><\/li><li><span style=\"font-weight: 400;\">Law on Environmental Impact Assessment of Planned Economic Activities <\/span><a href=\"https:\/\/www.e-tar.lt\/portal\/legalAct.html?documentId=TAR.0539E2FEB29E\" target=\"_blank\" rel=\"noopener\"><span style=\"font-weight: 400;\">Legal Act<\/span><\/a><\/li><li><span style=\"font-weight: 400;\">Law on Energy from Renewable Sources <\/span><a href=\"https:\/\/www.e-tar.lt\/portal\/lt\/legalActEditions\/TAR.FC7AB69BE291\"><span style=\"font-weight: 400;\">Legal Act<\/span><\/a><\/li><\/ul><ul><li><span data-teams=\"true\"><span class=\"ui-provider a b c d e f g h i j k l m n o p q r s t u v w x y z ab ac ae af ag ah ai aj ak\" dir=\"ltr\">Tenders <a href=\"https:\/\/www.e-tar.lt\/portal\/lt\/legalAct\/4ff87b30ce3011ed9978886e85107ab2\/asr\">Description<\/a><\/span><\/span><\/li><li><span style=\"font-weight: 400;\">Description of the Procedure for the Environmental Impact Assessment of Proposed\nEconomic Activity <\/span><a href=\"https:\/\/www.e-tar.lt\/portal\/lt\/legalAct\/81ad5250be4511e79122ea2db7aeb5f0\" target=\"_blank\" rel=\"noopener\"><span style=\"font-weight: 400;\">Description<\/span><\/a><\/li><\/ul><ul><li><span style=\"font-weight: 400;\">The <a href=\"https:\/\/www.e-tar.lt\/portal\/lt\/legalAct\/a0c9fb80b6bc11eab9d9cd0c85e0b745\/asr\">Resolution<\/a> on Establishing the Parts of the Territorial Sea of the Republic of Lithuania and\/or the Exclusive Economic Zone of the Republic of Lithuania in the Baltic Sea where Organising a Tender\/Tenders for the Development and Operation of Power Plants Using Renewable Energy Sources is Expedient, as well as the Installed Capacities of these Power Plants<\/span><\/li><li>The <a href=\"https:\/\/e-seimas.lrs.lt\/portal\/legalAct\/lt\/TAD\/5eafcea1511011edba0ded10be2fa21c\/asr\">Resolution<\/a> regarding the requirements for persons seeking to develop power plants in the maritime area<\/li><\/ul><ul><li><span style=\"font-weight: 400;\">The <a href=\"https:\/\/eur-lex.europa.eu\/legal-content\/LT\/TXT\/?uri=uriserv:OJ.L_.2018.328.01.0082.01.LIT&amp;toc=OJ:L:2018:328:TOC\" target=\"_blank\" rel=\"noopener\">Directive<\/a> (EU) 2018\/2001 of the European Parliament and of the Council of 11 December 2018 on the promotion of the use of energy from renewable sources<\/span><\/li><\/ul>                    <\/div>\n\t\t                    <\/div>\n        <\/div>\n\t\t\t\t<\/div>\n\t\t\t\t<\/div>\n\t\t\t\t\t<\/div>\n\t\t<\/div>\n\t\t\t\t\t<\/div>\n\t\t<\/section>\n\t\t\t\t<\/div>","protected":false},"excerpt":{"rendered":"<p>Teisin\u0117 aplinka Svarbiausi teis\u0117s aktai Svarbiausi teis\u0117s aktai Nacionalin\u0117 energetin\u0117s nepriklausomyb\u0117s strategija Lietuvos Respublikos Elektros energetikos \u012fstatymas Lietuvos Respublikos Energetikos \u012fstatymas Lietuvos Respublikos Teritorij\u0173 planavimo \u012fstatymas Lietuvos Respublikos Planuojamos \u016bkin\u0117s veiklos poveikio aplinkai vertinimo \u012fstatymas Lietuvos Respublikos atsinaujinan\u010di\u0173 i\u0161tekli\u0173 energetikos \u012fstatymas Konkurs\u0173 apra\u0161as Planuojamos \u016bkin\u0117s veiklos poveikio aplinkai vertinimo tvarkos apra\u0161as Lietuvos Respublikos Vyriausyb\u0117s nutarimas [&hellip;]<\/p>","protected":false},"author":1,"featured_media":0,"parent":0,"menu_order":0,"comment_status":"closed","ping_status":"closed","template":"","meta":{"footnotes":""},"class_list":["post-531","page","type-page","status-publish","hentry"],"_links":{"self":[{"href":"https:\/\/offshorewind.lt\/en\/wp-json\/wp\/v2\/pages\/531","targetHints":{"allow":["GET"]}}],"collection":[{"href":"https:\/\/offshorewind.lt\/en\/wp-json\/wp\/v2\/pages"}],"about":[{"href":"https:\/\/offshorewind.lt\/en\/wp-json\/wp\/v2\/types\/page"}],"author":[{"embeddable":true,"href":"https:\/\/offshorewind.lt\/en\/wp-json\/wp\/v2\/users\/1"}],"replies":[{"embeddable":true,"href":"https:\/\/offshorewind.lt\/en\/wp-json\/wp\/v2\/comments?post=531"}],"version-history":[{"count":0,"href":"https:\/\/offshorewind.lt\/en\/wp-json\/wp\/v2\/pages\/531\/revisions"}],"wp:attachment":[{"href":"https:\/\/offshorewind.lt\/en\/wp-json\/wp\/v2\/media?parent=531"}],"curies":[{"name":"wp","href":"https:\/\/api.w.org\/{rel}","templated":true}]}}