{"id":44,"date":"2022-09-15T06:00:41","date_gmt":"2022-09-15T06:00:41","guid":{"rendered":"https:\/\/offshorewind.lt\/?page_id=44"},"modified":"2025-06-03T11:38:33","modified_gmt":"2025-06-03T08:38:33","slug":"aplinkosauga","status":"publish","type":"page","link":"https:\/\/offshorewind.lt\/en\/aplinkosauga\/","title":{"rendered":"Environmental protection"},"content":{"rendered":"<div data-elementor-type=\"wp-page\" data-elementor-id=\"44\" class=\"elementor elementor-44\" data-elementor-post-type=\"page\">\n\t\t\t\t\t\t<section data-particle_enable=\"false\" data-particle-mobile-disabled=\"false\" class=\"elementor-section elementor-top-section elementor-element elementor-element-20f6d63d elementor-section-height-min-height elementor-section-items-stretch elementor-section-boxed elementor-section-height-default\" data-id=\"20f6d63d\" data-element_type=\"section\" data-settings=\"{&quot;background_background&quot;:&quot;classic&quot;}\">\n\t\t\t\t\t\t<div class=\"elementor-container elementor-column-gap-default\">\n\t\t\t\t\t<div class=\"elementor-column elementor-col-100 elementor-top-column elementor-element elementor-element-2c5c015e\" data-id=\"2c5c015e\" data-element_type=\"column\">\n\t\t\t<div class=\"elementor-widget-wrap elementor-element-populated\">\n\t\t\t\t\t\t<div class=\"elementor-element elementor-element-3e99c3c5 elementor-widget elementor-widget-heading\" data-id=\"3e99c3c5\" data-element_type=\"widget\" data-widget_type=\"heading.default\">\n\t\t\t\t<div class=\"elementor-widget-container\">\n\t\t\t\t\t<h2 class=\"elementor-heading-title elementor-size-default\">Environmental protection<\/h2>\t\t\t\t<\/div>\n\t\t\t\t<\/div>\n\t\t\t\t\t<\/div>\n\t\t<\/div>\n\t\t\t\t\t<\/div>\n\t\t<\/section>\n\t\t\t\t<section data-particle_enable=\"false\" data-particle-mobile-disabled=\"false\" class=\"elementor-section elementor-top-section elementor-element elementor-element-a46d97b elementor-section-boxed elementor-section-height-default elementor-section-height-default\" data-id=\"a46d97b\" data-element_type=\"section\">\n\t\t\t\t\t\t<div class=\"elementor-container elementor-column-gap-default\">\n\t\t\t\t\t<div class=\"elementor-column elementor-col-100 elementor-top-column elementor-element elementor-element-5352c06\" data-id=\"5352c06\" data-element_type=\"column\">\n\t\t\t<div class=\"elementor-widget-wrap elementor-element-populated\">\n\t\t\t\t\t\t<div class=\"elementor-element elementor-element-a912b45 elementor-widget elementor-widget-eael-adv-tabs\" data-id=\"a912b45\" data-element_type=\"widget\" data-widget_type=\"eael-adv-tabs.default\">\n\t\t\t\t<div class=\"elementor-widget-container\">\n\t\t\t\t\t        <div data-scroll-on-click=\"no\" data-scroll-speed=\"300\" id=\"eael-advance-tabs-a912b45\" class=\"eael-advance-tabs eael-tabs-vertical eael-tab-auto-active  active-caret-on\" data-tabid=\"a912b45\">\n            <div class=\"eael-tabs-nav\">\n                <ul class=\"eael-tab-inline-icon\" role=\"tablist\">\n                                            <li id=\"poveikio-aplinkai-vertinimasantrasis-konkursas\" class=\"inactive eael-tab-item-trigger eael-tab-nav-item\" aria-selected=\"true\" data-tab=\"1\" role=\"tab\" tabindex=\"0\" aria-controls=\"poveikio-aplinkai-vertinimasantrasis-konkursas-tab\" aria-expanded=\"false\">\n                            \n                                                                <i class=\"fas fa-home\"><\/i>                                                            \n                                                            <span class=\"eael-tab-title title-after-icon\" >ENVIRONMENTAL IMPACT ASSESSMENT (second TENDER)<\/span>                            \n                                                    <\/li>\n                                    <\/ul>\n            <\/div>\n            \n            <div class=\"eael-tabs-content\">\n\t\t        \n                    <div id=\"poveikio-aplinkai-vertinimasantrasis-konkursas-tab\" class=\"clearfix eael-tab-content-item inactive\" data-title-link=\"poveikio-aplinkai-vertinimasantrasis-konkursas-tab\">\n\t\t\t\t        <p><span style=\"font-weight: 400;\">The <a href=\"https:\/\/e-seimas.lrs.lt\/portal\/legalAct\/lt\/TAD\/5eafcea1511011edba0ded10be2fa21c\/asr?positionInSearchResults=0&amp;searchModelUUID=f4ad9a56-9f0c-487e-ad33-c2fce6f605e1\" target=\"_blank\" rel=\"noopener\">Resolution <\/a><\/span><span style=\"font-weight: 400;\">of the Government of the Republic of Lithuania on Approval of the Description of the Requirements for Persons Who Seek to Acquire or Have Acquired the Right to Develop and Operate Power Plants Using Renewable Energy Sources in the Territorial Waters, and of Reimbursement for the Costs of Conducting Marine Surveys and Other Actions<\/span><span style=\"font-weight: 400;\"> obligates the winner of the tender to additionally allocate an amount of at least EUR 5 million to be used <\/span><span style=\"font-weight: 400;\">according to the procedure\nestablished by the Government, for the purposes of environmental protection in the territorial\nwaters<\/span><span style=\"font-weight: 400;\">. The winner of the tender will have to transfer the specified amount to a separate state budget account, which will be announced on the website of the Ministry of Energy, within 20 working days from the date of issue of the first construction permit.<\/span><\/p><h3>Environmental impact assessment<\/h3><p class=\"translation-block\">The <\/span><a href=\"https:\/\/e-seimas.lrs.lt\/portal\/legalAct\/lt\/TAD\/90aa05b1b6bc11ea9a12d0dada3ca61b\/asr\" target=\"_blank\" rel=\"noopener\"><span style=\"font-weight: 400\">Resolution<\/span><\/a><span style=\"font-weight: 400\">\u00a0<\/span><span style=\"font-weight: 400\"> 2020 of the Government of the Republic of Lithuania on Establishing the Parts of the Territorial Sea of the Republic of Lithuania and\/or the Exclusive Economic Zone of the Republic of Lithuania in the Baltic Sea where Organising a Tender\/Tenders for the Development and Operation of Power Plants Using Renewable Energy Sources is Expedient, as well as the Installed Capacities of these Power Plants, it is mandatory to prepare an environmental impact assessment (EIA) programme for the proposed economic activity (PEA), perform EIA procedures, and prepare an EIA report in accordance with the Republic of Lithuania Law on Environmental Impact Assessment of Proposed Economic Activity.<\/p><ul><li><a href=\"https:\/\/files.epsog.lt\/files\/index.php\/s\/DFT7KZwTgSttSXZ\" target=\"_blank\" rel=\"noopener\">Environmental impact assessment report on offshore wind farms (only in Lithuanian)<\/a><\/li><li><a href=\"https:\/\/files.epsog.lt\/files\/index.php\/s\/XHByXAKWx8iCNnK\" target=\"_blank\" rel=\"noopener\">Environmental protection agency decision on the environmental impact of the installation and operation of the offshore wind farm in Lithuania\u2018s marine territory<\/a><\/li><\/ul><p>\t\t<div data-elementor-type=\"section\" data-elementor-id=\"2046\" class=\"elementor elementor-2046\" data-elementor-post-type=\"elementor_library\">\n\t\t\t\t\t<section data-particle_enable=\"false\" data-particle-mobile-disabled=\"false\" class=\"elementor-section elementor-top-section elementor-element elementor-element-2dfb767 elementor-section-boxed elementor-section-height-default elementor-section-height-default\" data-id=\"2dfb767\" data-element_type=\"section\">\n\t\t\t\t\t\t<div class=\"elementor-container elementor-column-gap-default\">\n\t\t\t\t\t<div class=\"elementor-column elementor-col-100 elementor-top-column elementor-element elementor-element-ead4a77\" data-id=\"ead4a77\" data-element_type=\"column\">\n\t\t\t<div class=\"elementor-widget-wrap elementor-element-populated\">\n\t\t\t\t\t\t<div class=\"elementor-element elementor-element-0d7d3bb elementor-widget elementor-widget-accordion\" data-id=\"0d7d3bb\" data-element_type=\"widget\" data-widget_type=\"accordion.default\">\n\t\t\t\t<div class=\"elementor-widget-container\">\n\t\t\t\t\t\t\t<div class=\"elementor-accordion\">\n\t\t\t\t\t\t\t<div class=\"elementor-accordion-item\">\n\t\t\t\t\t<div id=\"elementor-tab-title-1411\" class=\"elementor-tab-title\" data-tab=\"1\" role=\"button\" aria-controls=\"elementor-tab-content-1411\" aria-expanded=\"false\">\n\t\t\t\t\t\t\t\t\t\t\t\t\t<span class=\"elementor-accordion-icon elementor-accordion-icon-left\" aria-hidden=\"true\">\n\t\t\t\t\t\t\t\t\t\t\t\t\t\t\t<span class=\"elementor-accordion-icon-closed\"><i class=\"fas fa-plus\"><\/i><\/span>\n\t\t\t\t\t\t\t\t<span class=\"elementor-accordion-icon-opened\"><i class=\"fas fa-minus\"><\/i><\/span>\n\t\t\t\t\t\t\t\t\t\t\t\t\t\t<\/span>\n\t\t\t\t\t\t\t\t\t\t\t\t<a class=\"elementor-accordion-title\" tabindex=\"0\">Objectives of the environmental impact assessment<\/a>\n\t\t\t\t\t<\/div>\n\t\t\t\t\t<div id=\"elementor-tab-content-1411\" class=\"elementor-tab-content elementor-clearfix\" data-tab=\"1\" role=\"region\" aria-labelledby=\"elementor-tab-title-1411\"><ol><li style=\"font-weight: 400;\" aria-level=\"1\"><span style=\"font-weight: 400;\">To identify, describe and evaluate the possible direct and indirect impact of the proposed\neconomic activity (PEA) on the following environmental elements: the surface of the earth\nand its depths, air, water, landscape and biological diversity, paying particular attention to\nspecies and natural habitats of importance to the European Community, as well as other\nspecies protected under the Republic of Lithuania Law on the Protected Species of Fauna,\nFlora and Fungi, material values, immovable cultural properties, and the mutual interaction\nof these element;<\/span><\/li><li style=\"font-weight: 400;\" aria-level=\"1\"><span style=\"font-weight: 400;\">To identify, describe and evaluate the possible direct and indirect impact of the biological,\nchemical and physical factors caused by the PEA on public health, as well as on the\ninteraction between environmental elements and public health;<\/span><\/li><li style=\"font-weight: 400;\" aria-level=\"1\"><span style=\"font-weight: 400;\">To identify the possible impact of the PEA on environmental elements and public health due\nto the risk of vulnerability of the proposed economic activity in terms of extreme events\nand\/or potential emergency situations;<\/span><\/li><li style=\"font-weight: 400;\" aria-level=\"1\"><span style=\"font-weight: 400;\">To establish the measures that are planned to be taken in order to avoid any foreseen\nsignificant negative impact on the environment and public health, to mitigate it or, if\npossible, to compensate for it;<\/span><\/li><li style=\"font-weight: 400;\" aria-level=\"1\"><span style=\"font-weight: 400;\">To determine whether, after assessing its nature, location and\/or impact on the\nenvironment and public health, the PEA meets the requirements of environmental\nprotection, public health, protection of immovable cultural heritage, fire safety and civil\nsafety legislation.<\/span><\/li><\/ol><\/div>\n\t\t\t\t<\/div>\n\t\t\t\t\t\t\t<div class=\"elementor-accordion-item\">\n\t\t\t\t\t<div id=\"elementor-tab-title-1412\" class=\"elementor-tab-title\" data-tab=\"2\" role=\"button\" aria-controls=\"elementor-tab-content-1412\" aria-expanded=\"false\">\n\t\t\t\t\t\t\t\t\t\t\t\t\t<span class=\"elementor-accordion-icon elementor-accordion-icon-left\" aria-hidden=\"true\">\n\t\t\t\t\t\t\t\t\t\t\t\t\t\t\t<span class=\"elementor-accordion-icon-closed\"><i class=\"fas fa-plus\"><\/i><\/span>\n\t\t\t\t\t\t\t\t<span class=\"elementor-accordion-icon-opened\"><i class=\"fas fa-minus\"><\/i><\/span>\n\t\t\t\t\t\t\t\t\t\t\t\t\t\t<\/span>\n\t\t\t\t\t\t\t\t\t\t\t\t<a class=\"elementor-accordion-title\" tabindex=\"0\">Environmental impact assessment area<\/a>\n\t\t\t\t\t<\/div>\n\t\t\t\t\t<div id=\"elementor-tab-content-1412\" class=\"elementor-tab-content elementor-clearfix\" data-tab=\"2\" role=\"region\" aria-labelledby=\"elementor-tab-title-1412\"><p><a href=\"https:\/\/offshorewind.lt\/wp-content\/uploads\/2022\/09\/Poveikio-aplinkai-vertinimas-ter100.jpeg\"><img fetchpriority=\"high\" decoding=\"async\" class=\"alignnone wp-image-852 size-full\" src=\"https:\/\/offshorewind.lt\/wp-content\/uploads\/2022\/09\/Poveikio-aplinkai-vertinimas-ter100.jpeg\" alt=\"\" width=\"929\" height=\"658\" srcset=\"https:\/\/offshorewind.lt\/wp-content\/uploads\/2022\/09\/Poveikio-aplinkai-vertinimas-ter100.jpeg 929w, https:\/\/offshorewind.lt\/wp-content\/uploads\/2022\/09\/Poveikio-aplinkai-vertinimas-ter100-300x212.jpeg 300w, https:\/\/offshorewind.lt\/wp-content\/uploads\/2022\/09\/Poveikio-aplinkai-vertinimas-ter100-768x544.jpeg 768w, https:\/\/offshorewind.lt\/wp-content\/uploads\/2022\/09\/Poveikio-aplinkai-vertinimas-ter100-18x12.jpeg 18w\" sizes=\"(max-width: 929px) 100vw, 929px\" \/><\/a><\/p><\/div>\n\t\t\t\t<\/div>\n\t\t\t\t\t\t\t<div class=\"elementor-accordion-item\">\n\t\t\t\t\t<div id=\"elementor-tab-title-1413\" class=\"elementor-tab-title\" data-tab=\"3\" role=\"button\" aria-controls=\"elementor-tab-content-1413\" aria-expanded=\"false\">\n\t\t\t\t\t\t\t\t\t\t\t\t\t<span class=\"elementor-accordion-icon elementor-accordion-icon-left\" aria-hidden=\"true\">\n\t\t\t\t\t\t\t\t\t\t\t\t\t\t\t<span class=\"elementor-accordion-icon-closed\"><i class=\"fas fa-plus\"><\/i><\/span>\n\t\t\t\t\t\t\t\t<span class=\"elementor-accordion-icon-opened\"><i class=\"fas fa-minus\"><\/i><\/span>\n\t\t\t\t\t\t\t\t\t\t\t\t\t\t<\/span>\n\t\t\t\t\t\t\t\t\t\t\t\t<a class=\"elementor-accordion-title\" tabindex=\"0\">Reports<\/a>\n\t\t\t\t\t<\/div>\n\t\t\t\t\t<div id=\"elementor-tab-content-1413\" class=\"elementor-tab-content elementor-clearfix\" data-tab=\"3\" role=\"region\" aria-labelledby=\"elementor-tab-title-1413\"><p><i class=\"fa fa-file-pdf-o\" aria-hidden=\"true\"><\/i><br \/><a class=\"pdf\" href=\"https:\/\/offshorewind.lt\/wp-content\/uploads\/2022\/09\/EIA-programme_OWE-park-LT-marine-area_20211126-ENG.pdf\" target=\"_blank\" rel=\"noopener\">Environmental impact assessment program<\/a><\/p><p><a href=\"https:\/\/files.epsog.lt\/files\/index.php\/s\/DFT7KZwTgSttSXZ\" target=\"_blank\" rel=\"noopener\">Environmental impact assessment report on offshore wind farms (only in Lithuanian)<\/a><\/p><p><a href=\"https:\/\/files.epsog.lt\/files\/index.php\/s\/XHByXAKWx8iCNnK\" target=\"_blank\" rel=\"noopener\">Related documents<\/a><\/p><\/div>\n\t\t\t\t<\/div>\n\t\t\t\t\t\t\t\t<\/div>\n\t\t\t\t\t\t<\/div>\n\t\t\t\t<\/div>\n\t\t\t\t<div class=\"elementor-element elementor-element-ed3f233 elementor-widget elementor-widget-html\" data-id=\"ed3f233\" data-element_type=\"widget\" data-widget_type=\"html.default\">\n\t\t\t\t<div class=\"elementor-widget-container\">\n\t\t\t\t\t<script>\njQuery(document).ready(function($) {\nvar delay = 100; setTimeout(function() {\n$('.elementor-accordion-item > .elementor-tab-title').removeClass('elementor-active');\n $('.elementor-accordion-item > .elementor-tab-content').css('display', 'none'); }, delay);\n});\n<\/script>\t\t\t\t<\/div>\n\t\t\t\t<\/div>\n\t\t\t\t\t<\/div>\n\t\t<\/div>\n\t\t\t\t\t<\/div>\n\t\t<\/section>\n\t\t\t\t<\/div>\n\t\t<\/p>                    <\/div>\n\t\t                    <\/div>\n        <\/div>\n\t\t\t\t<\/div>\n\t\t\t\t<\/div>\n\t\t\t\t\t<\/div>\n\t\t<\/div>\n\t\t\t\t\t<\/div>\n\t\t<\/section>\n\t\t\t\t<\/div>","protected":false},"excerpt":{"rendered":"<p>APLINKOSAUGA Poveikio aplinkai vertinimas\u00a0(antrasis konkursas) Lietuvos Respublikos Vyriausyb\u0117s nutarimas \u201eD\u0117l reikalavim\u0173 asmenims, siekiantiems \u012fgyti bei \u012fgijusiems teis\u0119 pl\u0117toti ir eksploatuoti atsinaujinan\u010dius energijos i\u0161teklius naudojan\u010dias elektrines j\u016brin\u0117je teritorijoje, ir j\u016brin\u0117s teritorijos tyrim\u0173 bei kit\u0173 veiksm\u0173 atlikimo i\u0161laid\u0173 kompensavimo apra\u0161o patvirtinimo\u201c \u012fpareigoja aukciono konkurso laim\u0117toj\u0105 papildomai skirti ne ma\u017eiau kaip 5 mln. eur\u0173 sum\u0105, kuri Vyriausyb\u0117s nustatyta [&hellip;]<\/p>","protected":false},"author":1,"featured_media":0,"parent":0,"menu_order":0,"comment_status":"closed","ping_status":"closed","template":"","meta":{"footnotes":""},"class_list":["post-44","page","type-page","status-publish","hentry"],"_links":{"self":[{"href":"https:\/\/offshorewind.lt\/en\/wp-json\/wp\/v2\/pages\/44","targetHints":{"allow":["GET"]}}],"collection":[{"href":"https:\/\/offshorewind.lt\/en\/wp-json\/wp\/v2\/pages"}],"about":[{"href":"https:\/\/offshorewind.lt\/en\/wp-json\/wp\/v2\/types\/page"}],"author":[{"embeddable":true,"href":"https:\/\/offshorewind.lt\/en\/wp-json\/wp\/v2\/users\/1"}],"replies":[{"embeddable":true,"href":"https:\/\/offshorewind.lt\/en\/wp-json\/wp\/v2\/comments?post=44"}],"version-history":[{"count":0,"href":"https:\/\/offshorewind.lt\/en\/wp-json\/wp\/v2\/pages\/44\/revisions"}],"wp:attachment":[{"href":"https:\/\/offshorewind.lt\/en\/wp-json\/wp\/v2\/media?parent=44"}],"curies":[{"name":"wp","href":"https:\/\/api.w.org\/{rel}","templated":true}]}}