{"id":40,"date":"2022-09-15T06:00:05","date_gmt":"2022-09-15T06:00:05","guid":{"rendered":"https:\/\/offshorewind.lt\/?page_id=40"},"modified":"2025-06-03T16:03:39","modified_gmt":"2025-06-03T13:03:39","slug":"apie-projekta","status":"publish","type":"page","link":"https:\/\/offshorewind.lt\/en\/apie-projekta\/","title":{"rendered":"About"},"content":{"rendered":"<div data-elementor-type=\"wp-page\" data-elementor-id=\"40\" class=\"elementor elementor-40\" data-elementor-post-type=\"page\">\n\t\t\t\t\t\t<section data-particle_enable=\"false\" data-particle-mobile-disabled=\"false\" class=\"elementor-section elementor-top-section elementor-element elementor-element-4c609c73 elementor-section-height-min-height elementor-section-items-stretch elementor-section-boxed elementor-section-height-default\" data-id=\"4c609c73\" data-element_type=\"section\" data-settings=\"{&quot;background_background&quot;:&quot;classic&quot;}\">\n\t\t\t\t\t\t<div class=\"elementor-container elementor-column-gap-default\">\n\t\t\t\t\t<div class=\"elementor-column elementor-col-100 elementor-top-column elementor-element elementor-element-429d85d0\" data-id=\"429d85d0\" data-element_type=\"column\">\n\t\t\t<div class=\"elementor-widget-wrap elementor-element-populated\">\n\t\t\t\t\t\t<div class=\"elementor-element elementor-element-1a80d271 elementor-widget elementor-widget-heading\" data-id=\"1a80d271\" data-element_type=\"widget\" data-widget_type=\"heading.default\">\n\t\t\t\t<div class=\"elementor-widget-container\">\n\t\t\t\t\t<h2 class=\"elementor-heading-title elementor-size-default\">About<\/h2>\t\t\t\t<\/div>\n\t\t\t\t<\/div>\n\t\t\t\t\t<\/div>\n\t\t<\/div>\n\t\t\t\t\t<\/div>\n\t\t<\/section>\n\t\t\t\t<section data-particle_enable=\"false\" data-particle-mobile-disabled=\"false\" class=\"elementor-section elementor-top-section elementor-element elementor-element-2f1f26a elementor-section-boxed elementor-section-height-default elementor-section-height-default\" data-id=\"2f1f26a\" data-element_type=\"section\">\n\t\t\t\t\t\t<div class=\"elementor-container elementor-column-gap-default\">\n\t\t\t\t\t<div class=\"elementor-column elementor-col-100 elementor-top-column elementor-element elementor-element-61961c8\" data-id=\"61961c8\" data-element_type=\"column\">\n\t\t\t<div class=\"elementor-widget-wrap elementor-element-populated\">\n\t\t\t\t\t\t<div class=\"elementor-element elementor-element-1e49a3b elementor-widget elementor-widget-eael-adv-tabs\" data-id=\"1e49a3b\" data-element_type=\"widget\" data-widget_type=\"eael-adv-tabs.default\">\n\t\t\t\t<div class=\"elementor-widget-container\">\n\t\t\t\t\t        <div data-scroll-on-click=\"no\" data-scroll-speed=\"300\" id=\"eael-advance-tabs-1e49a3b\" class=\"eael-advance-tabs eael-tabs-vertical eael-tab-auto-active  active-caret-on\" data-tabid=\"1e49a3b\">\n            <div class=\"eael-tabs-nav\">\n                <ul class=\"\" role=\"tablist\">\n                                            <li id=\"apieprojekta1\" class=\"inactive eael-tab-item-trigger eael-tab-nav-item\" aria-selected=\"true\" data-tab=\"1\" role=\"tab\" tabindex=\"0\" aria-controls=\"apieprojekta1-tab\" aria-expanded=\"false\">\n                            \n                            \n                            \n                                                            <span class=\"eael-tab-title title-after-icon\" >Offshore wind parks in the Baltic Sea<\/span>                                                    <\/li>\n                                            <li id=\"apieprojekta2\" class=\"inactive eael-tab-item-trigger eael-tab-nav-item\" aria-selected=\"false\" data-tab=\"2\" role=\"tab\" tabindex=\"-1\" aria-controls=\"apieprojekta2-tab\" aria-expanded=\"false\">\n                            \n                            \n                            \n                                                            <span class=\"eael-tab-title title-after-icon\" >BENEFITS FOR THE COASTAL COMMUNITY <\/span>                                                    <\/li>\n                                            <li id=\"apieprojekta4\" class=\"inactive eael-tab-item-trigger eael-tab-nav-item\" aria-selected=\"false\" data-tab=\"3\" role=\"tab\" tabindex=\"-1\" aria-controls=\"apieprojekta4-tab\" aria-expanded=\"false\">\n                            \n                            \n                            \n                                                            <span class=\"eael-tab-title title-after-icon\" >Place of the projects<\/span>                                                    <\/li>\n                                            <li id=\"apieprojekta5\" class=\"inactive eael-tab-item-trigger eael-tab-nav-item\" aria-selected=\"false\" data-tab=\"4\" role=\"tab\" tabindex=\"-1\" aria-controls=\"apieprojekta5-tab\" aria-expanded=\"false\">\n                            \n                            \n                            \n                                                            <span class=\"eael-tab-title title-after-icon\" >Responsible Authorities<\/span>                                                    <\/li>\n                                            <li id=\"jrinio-vjo-elektrini-park-prijungimas\" class=\"inactive eael-tab-item-trigger eael-tab-nav-item\" aria-selected=\"false\" data-tab=\"5\" role=\"tab\" tabindex=\"-1\" aria-controls=\"jrinio-vjo-elektrini-park-prijungimas-tab\" aria-expanded=\"false\">\n                            \n                            \n                            \n                                                            <span class=\"eael-tab-title title-after-icon\" >Connection of offshore wind farms<\/span>                                                    <\/li>\n                                    <\/ul>\n            <\/div>\n            \n            <div class=\"eael-tabs-content\">\n\t\t        \n                    <div id=\"apieprojekta1-tab\" class=\"clearfix eael-tab-content-item inactive\" data-title-link=\"apieprojekta1-tab\">\n\t\t\t\t        <h3>Offshore wind parks in the Baltic Sea<\/h3><p>Lithuania's offshore wind parks are among the most important Lithuanian energy independence projects. These projects will significantly increase the production of electricity from renewable energy sources, thus reducing Lithuania's dependence on electricity imports and ensuring low electricity prices for residents.<\/p><p>The offshore wind parks, which will begin to operate by 2035 in the part of the exclusive economic zone of the Republic of Lithuania in the Baltic Sea near Palanga with a capacity of approximately 1,4 GW, are expected to generate up to 6 TWh of green electricity per year, which would meet up to a half of Lithuania\u2019s current electricity demand. The offshore wind parks are also expected to attract around EUR 3 billion in investments and create at least 1,300 new jobs.<\/p><p>The first tender for a 700 MW offshore wind farm was announced on March 30, 2023. The winners were legal entities operating under a joint venture agreement: UAB Ignitis renewables and OW OFFSHORE, S.L., which offered the state the highest development fee of EUR 20 million. The winners of the tender have acquired the right to develop an offshore wind farm covering an area of 120 km2 in the Baltic Sea, approximately 36 km from the coast. The project has been named Curonian Nord. More detailed information about the progress of the project is available on the developer's website: <a href=\"https:\/\/curoniannord.com\/en\/\">Lithuanian offshore wind farm | Curonian Nord<\/a><\/p><p>A tender for the developer of the second 700 MW offshore wind farm is planned to be announced on June 9, 2025. The area designated for the development of offshore wind farms covers approximately 136,39 km2, and the farm will be located approximately 36 km from the coast. The second tender is being organized with the possibility of receiving state aid, which could be paid for 15 years from the date of obtaining the generation permit.<\/p><p>In accordance with the laws of the Republic of Lithuania and taking into account European practice in the development of offshore wind farm, the necessary procedures and studies must be carried out for this strategically important energy project for the Republic of Lithuania, including:<\/p><ul><li aria-level=\"1\"><a href=\"https:\/\/offshorewind.lt\/en\/teritorijos-planavimas\/\" target=\"_blank\" rel=\"noopener\">preparation of an engineering infrastructure development plan and completion of a strategic environmental assessment (SEA)<\/a>;<\/li><li aria-level=\"1\"><a href=\"https:\/\/offshorewind.lt\/en\/aplinkosauga\/\" target=\"_blank\" rel=\"noopener\">environmental impact assessment (EIA) of proposed economic activity<\/a>;<\/li><li aria-level=\"1\"><a href=\"https:\/\/offshorewind.lt\/en\/vystytojams\/\" target=\"_blank\" rel=\"noopener\">wind speed measurements in the planned area<\/a>;<\/li><li aria-level=\"1\"><a href=\"https:\/\/offshorewind.lt\/en\/vystytojams\/\" target=\"_blank\" rel=\"noopener\">geophysical and geotechnical seabed surveys<\/a>.<\/li><\/ul>                    <\/div>\n\t\t        \n                    <div id=\"apieprojekta2-tab\" class=\"clearfix eael-tab-content-item inactive\" data-title-link=\"apieprojekta2-tab\">\n\t\t\t\t        <h3>VALUE CREATED BY AN OFFSHORE WIND PARKS<\/h3><ul><li aria-level=\"1\">The offshore wind power plants projects will enable implementation of the main objective of the <a href=\"https:\/\/www.e-tar.lt\/portal\/lt\/legalActEditions\/TAR.E151BC09AE62\" target=\"_blank\" rel=\"noopener\">National Energy Independence Strategy<\/a>\u00a0in the field of renewable energy sources: further\nincreasing the share of renewable energy sources in Lithuania&#039;s domestic energy production\nand final energy consumption balance, thereby reducing dependence on fossil fuel imports\nand increasing domestic electricity production capacity;<\/li><li aria-level=\"1\">The offshore wind parks will ensure lower electricity prices for Lithuanian residents and\nbusinesses;<\/li><li aria-level=\"1\">Wind energy sources are renewable, which means they are inexhaustible;<\/li><li aria-level=\"1\">Wind energy does not pollute the air and makes it possible to reduce climate impact.<\/li><\/ul><h3>Benefits for the coastal community<\/h3><ul><li aria-level=\"1\">It is planned that the budget of nearest city municipality will be annually supplemented by about EUR 3 million, which the parks developer will be obliged to pay from the amount of electricity generated and supplied to the network;<\/li><li aria-level=\"1\">The winner tenderers will have to allocate at least EUR 5 million for the purposes of environmental protection in the maritime territory of Lithuania;<\/li><li aria-level=\"1\">During the construction and exploitation period, it is planned to create as many as 1.3 thousand new jobs;<\/li><li aria-level=\"1\">Not less than 3 percent the construction works of the park will have to be carried out by small and medium-sized enterprises.<\/li><\/ul>                    <\/div>\n\t\t        \n                    <div id=\"apieprojekta4-tab\" class=\"clearfix eael-tab-content-item inactive\" data-title-link=\"apieprojekta4-tab\">\n\t\t\t\t        <h3>Place of the projects<\/h3><p><img fetchpriority=\"high\" decoding=\"async\" class=\"alignnone size-full wp-image-3790\" src=\"https:\/\/offshorewind.lt\/wp-content\/uploads\/2023\/04\/parku-vieta-1.png\" alt=\"\" width=\"1061\" height=\"783\" srcset=\"https:\/\/offshorewind.lt\/wp-content\/uploads\/2023\/04\/parku-vieta-1.png 1061w, https:\/\/offshorewind.lt\/wp-content\/uploads\/2023\/04\/parku-vieta-1-300x221.png 300w, https:\/\/offshorewind.lt\/wp-content\/uploads\/2023\/04\/parku-vieta-1-1024x756.png 1024w, https:\/\/offshorewind.lt\/wp-content\/uploads\/2023\/04\/parku-vieta-1-768x567.png 768w, https:\/\/offshorewind.lt\/wp-content\/uploads\/2023\/04\/parku-vieta-1-16x12.png 16w\" sizes=\"(max-width: 1061px) 100vw, 1061px\" \/><\/p>                    <\/div>\n\t\t        \n                    <div id=\"apieprojekta5-tab\" class=\"clearfix eael-tab-content-item inactive\" data-title-link=\"apieprojekta5-tab\">\n\t\t\t\t        <p>\t\t<div data-elementor-type=\"section\" data-elementor-id=\"2245\" class=\"elementor elementor-2245\" data-elementor-post-type=\"elementor_library\">\n\t\t\t\t\t<section data-particle_enable=\"false\" data-particle-mobile-disabled=\"false\" class=\"elementor-section elementor-top-section elementor-element elementor-element-4826571 elementor-section-boxed elementor-section-height-default elementor-section-height-default\" data-id=\"4826571\" data-element_type=\"section\">\n\t\t\t\t\t\t<div class=\"elementor-container elementor-column-gap-wider\">\n\t\t\t\t\t<div class=\"elementor-column elementor-col-33 elementor-top-column elementor-element elementor-element-3563611\" data-id=\"3563611\" data-element_type=\"column\">\n\t\t\t<div class=\"elementor-widget-wrap elementor-element-populated\">\n\t\t\t\t\t\t<div class=\"elementor-element elementor-element-098ecda elementor-widget elementor-widget-image\" data-id=\"098ecda\" data-element_type=\"widget\" data-widget_type=\"image.default\">\n\t\t\t\t<div class=\"elementor-widget-container\">\n\t\t\t\t\t\t\t\t\t\t\t\t\t\t\t\t<a href=\"https:\/\/enmin.lrv.lt\/\" target=\"_blank\">\n\t\t\t\t\t\t\t<img decoding=\"async\" width=\"800\" height=\"241\" src=\"https:\/\/offshorewind.lt\/wp-content\/uploads\/2022\/09\/ENMIN_logo_EN.png\" class=\"attachment-large size-large wp-image-2538\" alt=\"\" srcset=\"https:\/\/offshorewind.lt\/wp-content\/uploads\/2022\/09\/ENMIN_logo_EN.png 1643w, https:\/\/offshorewind.lt\/wp-content\/uploads\/2022\/09\/ENMIN_logo_EN-300x108.png 300w, https:\/\/offshorewind.lt\/wp-content\/uploads\/2022\/09\/ENMIN_logo_EN-1024x370.png 1024w, https:\/\/offshorewind.lt\/wp-content\/uploads\/2022\/09\/ENMIN_logo_EN-768x277.png 768w, https:\/\/offshorewind.lt\/wp-content\/uploads\/2022\/09\/ENMIN_logo_EN-1536x554.png 1536w, https:\/\/offshorewind.lt\/wp-content\/uploads\/2022\/09\/ENMIN_logo_EN-18x6.png 18w\" sizes=\"(max-width: 800px) 100vw, 800px\" \/>\t\t\t\t\t\t\t\t<\/a>\n\t\t\t\t\t\t\t\t\t\t\t\t\t\t\t<\/div>\n\t\t\t\t<\/div>\n\t\t\t\t\t<\/div>\n\t\t<\/div>\n\t\t\t\t<div class=\"elementor-column elementor-col-33 elementor-top-column elementor-element elementor-element-1b19bcb\" data-id=\"1b19bcb\" data-element_type=\"column\">\n\t\t\t<div class=\"elementor-widget-wrap elementor-element-populated\">\n\t\t\t\t\t\t<div class=\"elementor-element elementor-element-a619404 elementor-widget elementor-widget-image\" data-id=\"a619404\" data-element_type=\"widget\" data-widget_type=\"image.default\">\n\t\t\t\t<div class=\"elementor-widget-container\">\n\t\t\t\t\t\t\t\t\t\t\t\t\t\t\t\t<a href=\"https:\/\/www.epsog.lt\/\" target=\"_blank\">\n\t\t\t\t\t\t\t<img decoding=\"async\" width=\"800\" height=\"184\" src=\"https:\/\/offshorewind.lt\/wp-content\/uploads\/2022\/09\/image-3-1-1024x236.png\" class=\"attachment-large size-large wp-image-5347\" alt=\"\" srcset=\"https:\/\/offshorewind.lt\/wp-content\/uploads\/2022\/09\/image-3-1-1024x236.png 1024w, https:\/\/offshorewind.lt\/wp-content\/uploads\/2022\/09\/image-3-1-300x69.png 300w, https:\/\/offshorewind.lt\/wp-content\/uploads\/2022\/09\/image-3-1-768x177.png 768w, https:\/\/offshorewind.lt\/wp-content\/uploads\/2022\/09\/image-3-1-18x4.png 18w, https:\/\/offshorewind.lt\/wp-content\/uploads\/2022\/09\/image-3-1.png 1212w\" sizes=\"(max-width: 800px) 100vw, 800px\" \/>\t\t\t\t\t\t\t\t<\/a>\n\t\t\t\t\t\t\t\t\t\t\t\t\t\t\t<\/div>\n\t\t\t\t<\/div>\n\t\t\t\t\t<\/div>\n\t\t<\/div>\n\t\t\t\t<div class=\"elementor-column elementor-col-33 elementor-top-column elementor-element elementor-element-8bb064d\" data-id=\"8bb064d\" data-element_type=\"column\">\n\t\t\t<div class=\"elementor-widget-wrap elementor-element-populated\">\n\t\t\t\t\t\t<div class=\"elementor-element elementor-element-8cbabf0 elementor-widget elementor-widget-image\" data-id=\"8cbabf0\" data-element_type=\"widget\" data-widget_type=\"image.default\">\n\t\t\t\t<div class=\"elementor-widget-container\">\n\t\t\t\t\t\t\t\t\t\t\t\t\t\t\t\t<a href=\"https:\/\/www.ena.lt\/\" target=\"_blank\">\n\t\t\t\t\t\t\t<img loading=\"lazy\" decoding=\"async\" width=\"512\" height=\"171\" src=\"https:\/\/offshorewind.lt\/wp-content\/uploads\/2022\/09\/LOGOTIPAS-GREEN.png\" class=\"attachment-large size-large wp-image-1192\" alt=\"\" srcset=\"https:\/\/offshorewind.lt\/wp-content\/uploads\/2022\/09\/LOGOTIPAS-GREEN.png 1450w, https:\/\/offshorewind.lt\/wp-content\/uploads\/2022\/09\/LOGOTIPAS-GREEN-300x100.png 300w, https:\/\/offshorewind.lt\/wp-content\/uploads\/2022\/09\/LOGOTIPAS-GREEN-1024x342.png 1024w, https:\/\/offshorewind.lt\/wp-content\/uploads\/2022\/09\/LOGOTIPAS-GREEN-768x256.png 768w, https:\/\/offshorewind.lt\/wp-content\/uploads\/2022\/09\/LOGOTIPAS-GREEN-18x6.png 18w\" sizes=\"(max-width: 512px) 100vw, 512px\" \/>\t\t\t\t\t\t\t\t<\/a>\n\t\t\t\t\t\t\t\t\t\t\t\t\t\t\t<\/div>\n\t\t\t\t<\/div>\n\t\t\t\t\t<\/div>\n\t\t<\/div>\n\t\t\t\t\t<\/div>\n\t\t<\/section>\n\t\t\t\t<section data-particle_enable=\"false\" data-particle-mobile-disabled=\"false\" class=\"elementor-section elementor-top-section elementor-element elementor-element-f54b41e elementor-section-boxed elementor-section-height-default elementor-section-height-default\" data-id=\"f54b41e\" data-element_type=\"section\">\n\t\t\t\t\t\t<div class=\"elementor-container elementor-column-gap-wider\">\n\t\t\t\t\t<div class=\"elementor-column elementor-col-33 elementor-top-column elementor-element elementor-element-8536fbc\" data-id=\"8536fbc\" data-element_type=\"column\">\n\t\t\t<div class=\"elementor-widget-wrap elementor-element-populated\">\n\t\t\t\t\t\t<div class=\"elementor-element elementor-element-92bc74b elementor-widget elementor-widget-image\" data-id=\"92bc74b\" data-element_type=\"widget\" data-widget_type=\"image.default\">\n\t\t\t\t<div class=\"elementor-widget-container\">\n\t\t\t\t\t\t\t\t\t\t\t\t\t\t\t\t<a href=\"https:\/\/www.regula.lt\/Puslapiai\/default.aspx\" target=\"_blank\">\n\t\t\t\t\t\t\t<img loading=\"lazy\" decoding=\"async\" width=\"249\" height=\"53\" src=\"https:\/\/offshorewind.lt\/wp-content\/uploads\/2022\/09\/vert_en.png\" class=\"attachment-large size-large wp-image-1193\" alt=\"\" srcset=\"https:\/\/offshorewind.lt\/wp-content\/uploads\/2022\/09\/vert_en.png 2458w, https:\/\/offshorewind.lt\/wp-content\/uploads\/2022\/09\/vert_en-300x137.png 300w, https:\/\/offshorewind.lt\/wp-content\/uploads\/2022\/09\/vert_en-1024x467.png 1024w, https:\/\/offshorewind.lt\/wp-content\/uploads\/2022\/09\/vert_en-768x351.png 768w, https:\/\/offshorewind.lt\/wp-content\/uploads\/2022\/09\/vert_en-1536x701.png 1536w, https:\/\/offshorewind.lt\/wp-content\/uploads\/2022\/09\/vert_en-2048x935.png 2048w, https:\/\/offshorewind.lt\/wp-content\/uploads\/2022\/09\/vert_en-18x8.png 18w\" sizes=\"(max-width: 249px) 100vw, 249px\" \/>\t\t\t\t\t\t\t\t<\/a>\n\t\t\t\t\t\t\t\t\t\t\t\t\t\t\t<\/div>\n\t\t\t\t<\/div>\n\t\t\t\t\t<\/div>\n\t\t<\/div>\n\t\t\t\t<div class=\"elementor-column elementor-col-33 elementor-top-column elementor-element elementor-element-276361f\" data-id=\"276361f\" data-element_type=\"column\">\n\t\t\t<div class=\"elementor-widget-wrap elementor-element-populated\">\n\t\t\t\t\t\t<div class=\"elementor-element elementor-element-66c36f0 elementor-widget elementor-widget-image\" data-id=\"66c36f0\" data-element_type=\"widget\" data-widget_type=\"image.default\">\n\t\t\t\t<div class=\"elementor-widget-container\">\n\t\t\t\t\t\t\t\t\t\t\t\t\t\t\t\t<a href=\"https:\/\/www.litgrid.eu\/\" target=\"_blank\">\n\t\t\t\t\t\t\t<img loading=\"lazy\" decoding=\"async\" width=\"226\" height=\"83\" src=\"https:\/\/offshorewind.lt\/wp-content\/uploads\/2022\/09\/unnamed-4.png\" class=\"attachment-large size-large wp-image-1194\" alt=\"\" srcset=\"https:\/\/offshorewind.lt\/wp-content\/uploads\/2022\/09\/unnamed-4.png 226w, https:\/\/offshorewind.lt\/wp-content\/uploads\/2022\/09\/unnamed-4-18x7.png 18w\" sizes=\"(max-width: 226px) 100vw, 226px\" \/>\t\t\t\t\t\t\t\t<\/a>\n\t\t\t\t\t\t\t\t\t\t\t\t\t\t\t<\/div>\n\t\t\t\t<\/div>\n\t\t\t\t\t<\/div>\n\t\t<\/div>\n\t\t\t\t<div class=\"elementor-column elementor-col-33 elementor-top-column elementor-element elementor-element-a36d200\" data-id=\"a36d200\" data-element_type=\"column\">\n\t\t\t<div class=\"elementor-widget-wrap elementor-element-populated\">\n\t\t\t\t\t\t<div class=\"elementor-element elementor-element-4011550 elementor-widget elementor-widget-heading\" data-id=\"4011550\" data-element_type=\"widget\" data-widget_type=\"heading.default\">\n\t\t\t\t<div class=\"elementor-widget-container\">\n\t\t\t\t\t<h2 class=\"elementor-heading-title elementor-size-default\">PARTIALLY FINANCED<\/h2>\t\t\t\t<\/div>\n\t\t\t\t<\/div>\n\t\t\t\t<div class=\"elementor-element elementor-element-13d13be elementor-widget elementor-widget-image\" data-id=\"13d13be\" data-element_type=\"widget\" data-widget_type=\"image.default\">\n\t\t\t\t<div class=\"elementor-widget-container\">\n\t\t\t\t\t\t\t\t\t\t\t\t\t\t\t\t<a href=\"https:\/\/ec.europa.eu\/info\/index_lt\" target=\"_blank\">\n\t\t\t\t\t\t\t<img loading=\"lazy\" decoding=\"async\" width=\"512\" height=\"356\" src=\"https:\/\/offshorewind.lt\/wp-content\/uploads\/2022\/10\/ec-logo-st-rvb-web_en.jpg\" class=\"attachment-large size-large wp-image-1187\" alt=\"\" srcset=\"https:\/\/offshorewind.lt\/wp-content\/uploads\/2022\/10\/ec-logo-st-rvb-web_en.jpg 200w, https:\/\/offshorewind.lt\/wp-content\/uploads\/2022\/10\/ec-logo-st-rvb-web_en-18x12.jpg 18w\" sizes=\"(max-width: 512px) 100vw, 512px\" \/>\t\t\t\t\t\t\t\t<\/a>\n\t\t\t\t\t\t\t\t\t\t\t\t\t\t\t<\/div>\n\t\t\t\t<\/div>\n\t\t\t\t\t<\/div>\n\t\t<\/div>\n\t\t\t\t\t<\/div>\n\t\t<\/section>\n\t\t\t\t<\/div>\n\t\t<\/p>                    <\/div>\n\t\t        \n                    <div id=\"jrinio-vjo-elektrini-park-prijungimas-tab\" class=\"clearfix eael-tab-content-item inactive\" data-title-link=\"jrinio-vjo-elektrini-park-prijungimas-tab\">\n\t\t\t\t        <h3>Connection of offshore wind farms<\/h3><p>The connection of offshore wind farms is planned on land, at the Darb\u0117nai substation.<\/p><p>The specific routes of the engineering infrastructure corridors will be planned in the decisions of the draft \u201cDevelopment plan for the engineering infrastructure of territories required for connecting power plants using renewable energy sources, planned to be developed in the marine area (areas) adjacent to electricity transmission networks\u201d (hereinafter referred to as the engineering infrastructure development plan).<\/p><p>The engineering infrastructure development plan is in its final stages. During the preparation of the concept, different alternatives for connecting the two offshore wind farms were examined, a strategic environmental impact assessment was carried out, and cross-border consultations and discussions were organized with state institutions responsible for environmental protection and the public.<\/p><p>The selected engineering infrastructure corridor routes have been assessed as the most favorable from an environmental perspective. Their implementation will ensure that coastal dunes will not be destroyed and that wintering birds and underwater habitats will not be affected. All infrastructure planned on land will be built underground to ensure minimal impact on people's property and planned economic activities.<\/p><p><img loading=\"lazy\" decoding=\"async\" class=\"alignnone size-full wp-image-5225\" src=\"https:\/\/offshorewind.lt\/wp-content\/uploads\/2025\/06\/Picture1.png\" alt=\"\" width=\"502\" height=\"355\" srcset=\"https:\/\/offshorewind.lt\/wp-content\/uploads\/2025\/06\/Picture1.png 502w, https:\/\/offshorewind.lt\/wp-content\/uploads\/2025\/06\/Picture1-300x212.png 300w, https:\/\/offshorewind.lt\/wp-content\/uploads\/2025\/06\/Picture1-18x12.png 18w\" sizes=\"(max-width: 502px) 100vw, 502px\" \/><\/p>                    <\/div>\n\t\t                    <\/div>\n        <\/div>\n\t\t\t\t<\/div>\n\t\t\t\t<\/div>\n\t\t\t\t\t<\/div>\n\t\t<\/div>\n\t\t\t\t\t<\/div>\n\t\t<\/section>\n\t\t\t\t<\/div>","protected":false},"excerpt":{"rendered":"<p>Apie projektUS J\u016brinio v\u0117jo parkai Baltijos j\u016broje Kuriama vert\u0117 paj\u016brio regione Projekt\u0173 vieta Atsakingos institucijos J\u016brinio v\u0117jo elektrini\u0173 park\u0173 prijungimas J\u016brinio v\u0117jo parkai Baltijos j\u016broje J\u016brinio v\u0117jo parkai Lietuvoje \u2013 vieni i\u0161 svarbiausi\u0173 \u0161alies energetin\u0117s nepriklausomyb\u0117s projekt\u0173. Jie itin padidins elektros i\u0161 atsinaujinan\u010di\u0173 energijos i\u0161tekli\u0173 gamyb\u0105 ir taip suma\u017eins Lietuvos priklausomyb\u0119 nuo elektros importo bei [&hellip;]<\/p>","protected":false},"author":1,"featured_media":0,"parent":0,"menu_order":0,"comment_status":"closed","ping_status":"closed","template":"","meta":{"footnotes":""},"class_list":["post-40","page","type-page","status-publish","hentry"],"_links":{"self":[{"href":"https:\/\/offshorewind.lt\/en\/wp-json\/wp\/v2\/pages\/40","targetHints":{"allow":["GET"]}}],"collection":[{"href":"https:\/\/offshorewind.lt\/en\/wp-json\/wp\/v2\/pages"}],"about":[{"href":"https:\/\/offshorewind.lt\/en\/wp-json\/wp\/v2\/types\/page"}],"author":[{"embeddable":true,"href":"https:\/\/offshorewind.lt\/en\/wp-json\/wp\/v2\/users\/1"}],"replies":[{"embeddable":true,"href":"https:\/\/offshorewind.lt\/en\/wp-json\/wp\/v2\/comments?post=40"}],"version-history":[{"count":0,"href":"https:\/\/offshorewind.lt\/en\/wp-json\/wp\/v2\/pages\/40\/revisions"}],"wp:attachment":[{"href":"https:\/\/offshorewind.lt\/en\/wp-json\/wp\/v2\/media?parent=40"}],"curies":[{"name":"wp","href":"https:\/\/api.w.org\/{rel}","templated":true}]}}